{"id":4756,"date":"2026-04-18T09:21:07","date_gmt":"2026-04-18T09:21:07","guid":{"rendered":"https:\/\/dice012.com\/?post_type=product&#038;p=4756"},"modified":"2026-04-21T18:48:16","modified_gmt":"2026-04-21T18:48:16","slug":"dust-embroidered-cap-fuchsia","status":"publish","type":"product","link":"https:\/\/dice012.com\/en\/product\/dust-embroidered-cap-fuchsia\/","title":{"rendered":"Dust embroidered Cap | Fuchsia"},"content":{"rendered":"","protected":false},"excerpt":{"rendered":"<p>Czapka z spranego jeansu, wyko\u0144czona grubymi ni\u0107mi, regulowana sprz\u0105czk\u0105<\/p>\n<p>Bezpieczny zakup \u2014 14 dni na zwrot lub wymian\u0119.<\/p>","protected":false},"featured_media":4765,"template":"","meta":[],"product_brand":[],"product_cat":[43,40,16],"product_tag":[],"class_list":{"0":"post-4756","1":"product","2":"type-product","3":"status-publish","4":"has-post-thumbnail","6":"product_cat-tees","7":"product_cat-tops","8":"product_cat-uncategorized","10":"first","11":"instock","12":"shipping-taxable","13":"purchasable","14":"product-type-simple"},"aioseo_notices":[],"_links":{"self":[{"href":"https:\/\/dice012.com\/en\/wp-json\/wp\/v2\/product\/4756","targetHints":{"allow":["GET"]}}],"collection":[{"href":"https:\/\/dice012.com\/en\/wp-json\/wp\/v2\/product"}],"about":[{"href":"https:\/\/dice012.com\/en\/wp-json\/wp\/v2\/types\/product"}],"wp:featuredmedia":[{"embeddable":true,"href":"https:\/\/dice012.com\/en\/wp-json\/wp\/v2\/media\/4765"}],"wp:attachment":[{"href":"https:\/\/dice012.com\/en\/wp-json\/wp\/v2\/media?parent=4756"}],"wp:term":[{"taxonomy":"product_brand","embeddable":true,"href":"https:\/\/dice012.com\/en\/wp-json\/wp\/v2\/product_brand?post=4756"},{"taxonomy":"product_cat","embeddable":true,"href":"https:\/\/dice012.com\/en\/wp-json\/wp\/v2\/product_cat?post=4756"},{"taxonomy":"product_tag","embeddable":true,"href":"https:\/\/dice012.com\/en\/wp-json\/wp\/v2\/product_tag?post=4756"}],"curies":[{"name":"wp","href":"https:\/\/api.w.org\/{rel}","templated":true}]}}