{"id":4749,"date":"2026-04-18T09:11:14","date_gmt":"2026-04-18T09:11:14","guid":{"rendered":"https:\/\/dice012.com\/?post_type=product&#038;p=4749"},"modified":"2026-04-21T17:15:05","modified_gmt":"2026-04-21T17:15:05","slug":"ice-t-shirt-white-kopia","status":"publish","type":"product","link":"https:\/\/dice012.com\/en\/product\/ice-t-shirt-white-kopia\/","title":{"rendered":"5 year Head T-shirt"},"content":{"rendered":"","protected":false},"excerpt":{"rendered":"<p>Ci\u0119\u017cki T-shirt gotowy na chaos. Boxy fit z lekko kr\u00f3tszym do\u0142em o gramaturze 220 g\/m\u00b2. Wykonany w 100% z bawe\u0142ny.<\/p>\n<p>Bezpieczny zakup \u2014 14 dni na zwrot lub wymian\u0119.<\/p>\n<details>\n<summary><span style=\"color: #dcdcd0;\"><strong>\u203a Tabela rozmiar\u00f3w<\/strong><\/span><\/summary>\n<table style=\"height: 93px;\" width=\"328\">\n<tbody>\n<tr>\n<td><\/td>\n<td>S<\/td>\n<td>M<\/td>\n<td>L<\/td>\n<td>XL<\/td>\n<\/tr>\n<tr>\n<td>LENGHT<\/td>\n<td>73 cm<\/td>\n<td>75 cm<\/td>\n<td>77 cm<\/td>\n<td>78 cm<\/td>\n<\/tr>\n<tr>\n<td>WIDTH<\/td>\n<td>55 cm<\/td>\n<td>59 cm<\/td>\n<td>64 cm<\/td>\n<td>67 cm<\/td>\n<\/tr>\n<\/tbody>\n<\/table>\n<\/details>","protected":false},"featured_media":4754,"template":"","meta":[],"product_brand":[],"product_cat":[43,40,16],"product_tag":[],"class_list":{"0":"post-4749","1":"product","2":"type-product","3":"status-publish","4":"has-post-thumbnail","6":"product_cat-tees","7":"product_cat-tops","8":"product_cat-uncategorized","10":"first","11":"instock","12":"shipping-taxable","13":"purchasable","14":"product-type-variable"},"aioseo_notices":[],"_links":{"self":[{"href":"https:\/\/dice012.com\/en\/wp-json\/wp\/v2\/product\/4749","targetHints":{"allow":["GET"]}}],"collection":[{"href":"https:\/\/dice012.com\/en\/wp-json\/wp\/v2\/product"}],"about":[{"href":"https:\/\/dice012.com\/en\/wp-json\/wp\/v2\/types\/product"}],"wp:featuredmedia":[{"embeddable":true,"href":"https:\/\/dice012.com\/en\/wp-json\/wp\/v2\/media\/4754"}],"wp:attachment":[{"href":"https:\/\/dice012.com\/en\/wp-json\/wp\/v2\/media?parent=4749"}],"wp:term":[{"taxonomy":"product_brand","embeddable":true,"href":"https:\/\/dice012.com\/en\/wp-json\/wp\/v2\/product_brand?post=4749"},{"taxonomy":"product_cat","embeddable":true,"href":"https:\/\/dice012.com\/en\/wp-json\/wp\/v2\/product_cat?post=4749"},{"taxonomy":"product_tag","embeddable":true,"href":"https:\/\/dice012.com\/en\/wp-json\/wp\/v2\/product_tag?post=4749"}],"curies":[{"name":"wp","href":"https:\/\/api.w.org\/{rel}","templated":true}]}}