{"id":4602,"date":"2026-02-02T18:00:00","date_gmt":"2026-02-02T18:00:00","guid":{"rendered":"https:\/\/dice012.com\/?post_type=product&#038;p=4602"},"modified":"2026-03-19T07:13:48","modified_gmt":"2026-03-19T07:13:48","slug":"polar-jacket","status":"publish","type":"product","link":"https:\/\/dice012.com\/en\/product\/polar-jacket\/","title":{"rendered":"Flesh Polar Jacket Dark Blue"},"content":{"rendered":"","protected":false},"excerpt":{"rendered":"<p>Ci\u0119\u017cki Polar. Oversized fit ala boxy o gramaturze 400 gsm. 100% ecopol.<\/p>\n<p><strong>Bezpieczny zakup \u2014 14 dni na zwrot lub wymian\u0119.<\/strong><\/p>\n<details>\n<summary><span style=\"color: #dcdcd0;\"><strong>\u203a Tabela rozmiar\u00f3w<\/strong><\/span><\/summary>\n<table style=\"height: 93px;\" width=\"328\">\n<tbody>\n<tr>\n<td><\/td>\n<td>S<\/td>\n<td>M<\/td>\n<td>L<\/td>\n<td>XL<\/td>\n<\/tr>\n<tr>\n<td>LENGHT<\/td>\n<td>67 cm<\/td>\n<td>69 cm<\/td>\n<td>71 cm<\/td>\n<td>73 cm<\/td>\n<\/tr>\n<tr>\n<td>WIDTH<\/td>\n<td>53 cm<\/td>\n<td>59 cm<\/td>\n<td>62 cm<\/td>\n<td>65 cm<\/td>\n<\/tr>\n<\/tbody>\n<\/table>\n<\/details>\n<details>\n<summary><span style=\"color: #dcdcd0;\"><strong>\u203a Dodatkowe Informacje<\/strong><\/span><\/summary>\n<p>Grafika nawi\u0105zuje do naszego Skate Video &#8222;6&#215;6&#8221; w kt\u00f3rym 6 cz\u0142onk\u00f3w naszego teamu zrobi\u0142o po 6 trik\u00f3w ka\u017cdy. Zaprojektowana przez Bejbifejsa<\/p>\n<\/details>","protected":false},"featured_media":4612,"template":"","meta":[],"product_brand":[],"product_cat":[43,40,16],"product_tag":[],"class_list":{"0":"post-4602","1":"product","2":"type-product","3":"status-publish","4":"has-post-thumbnail","6":"product_cat-tees","7":"product_cat-tops","8":"product_cat-uncategorized","10":"first","11":"instock","12":"shipping-taxable","13":"purchasable","14":"product-type-variable"},"aioseo_notices":[],"_links":{"self":[{"href":"https:\/\/dice012.com\/en\/wp-json\/wp\/v2\/product\/4602","targetHints":{"allow":["GET"]}}],"collection":[{"href":"https:\/\/dice012.com\/en\/wp-json\/wp\/v2\/product"}],"about":[{"href":"https:\/\/dice012.com\/en\/wp-json\/wp\/v2\/types\/product"}],"wp:featuredmedia":[{"embeddable":true,"href":"https:\/\/dice012.com\/en\/wp-json\/wp\/v2\/media\/4612"}],"wp:attachment":[{"href":"https:\/\/dice012.com\/en\/wp-json\/wp\/v2\/media?parent=4602"}],"wp:term":[{"taxonomy":"product_brand","embeddable":true,"href":"https:\/\/dice012.com\/en\/wp-json\/wp\/v2\/product_brand?post=4602"},{"taxonomy":"product_cat","embeddable":true,"href":"https:\/\/dice012.com\/en\/wp-json\/wp\/v2\/product_cat?post=4602"},{"taxonomy":"product_tag","embeddable":true,"href":"https:\/\/dice012.com\/en\/wp-json\/wp\/v2\/product_tag?post=4602"}],"curies":[{"name":"wp","href":"https:\/\/api.w.org\/{rel}","templated":true}]}}