{"id":4558,"date":"2026-02-22T18:00:02","date_gmt":"2026-02-22T18:00:02","guid":{"rendered":"https:\/\/dice012.com\/?post_type=product&#038;p=4558"},"modified":"2026-03-10T13:00:28","modified_gmt":"2026-03-10T13:00:28","slug":"hijacked-hoodie-purple","status":"publish","type":"product","link":"https:\/\/dice012.com\/en\/product\/hijacked-hoodie-purple\/","title":{"rendered":"Hijacked Hoodie Purple"},"content":{"rendered":"","protected":false},"excerpt":{"rendered":"<p>Ci\u0119\u017ckie Hoodie gotowe na lata chaosu. Oversized fit ala boxy o gramaturze 360 g\/m\u00b2. 90% bawe\u0142ny, 10% poliester dzi\u0119ki kt\u00f3remu wog\u00f3le si\u0119 nie kulkuje.<\/p>\n<p>Bezpieczny zakup \u2014 14 dni na zwrot lub wymian\u0119.<\/p>\n<details>\n<summary><span style=\"color: #dcdcd0;\"><strong>\u203a Tabela rozmiar\u00f3w<\/strong><\/span><\/summary>\n<table style=\"height: 93px;\" width=\"328\">\n<tbody>\n<tr>\n<td><\/td>\n<td>S<\/td>\n<td>M<\/td>\n<td>L<\/td>\n<td>XL<\/td>\n<\/tr>\n<tr>\n<td>LENGHT<\/td>\n<td>70 cm<\/td>\n<td>71 cm<\/td>\n<td>73 cm<\/td>\n<td>75 cm<\/td>\n<\/tr>\n<tr>\n<td>WIDTH<\/td>\n<td>58 cm<\/td>\n<td>61 cm<\/td>\n<td>64 cm<\/td>\n<td>67 cm<\/td>\n<\/tr>\n<\/tbody>\n<\/table>\n<\/details>","protected":false},"featured_media":4631,"template":"","meta":[],"product_brand":[],"product_cat":[43,40,16],"product_tag":[],"class_list":{"0":"post-4558","1":"product","2":"type-product","3":"status-publish","4":"has-post-thumbnail","6":"product_cat-tees","7":"product_cat-tops","8":"product_cat-uncategorized","10":"first","11":"instock","12":"shipping-taxable","13":"purchasable","14":"product-type-variable"},"aioseo_notices":[],"_links":{"self":[{"href":"https:\/\/dice012.com\/en\/wp-json\/wp\/v2\/product\/4558","targetHints":{"allow":["GET"]}}],"collection":[{"href":"https:\/\/dice012.com\/en\/wp-json\/wp\/v2\/product"}],"about":[{"href":"https:\/\/dice012.com\/en\/wp-json\/wp\/v2\/types\/product"}],"wp:featuredmedia":[{"embeddable":true,"href":"https:\/\/dice012.com\/en\/wp-json\/wp\/v2\/media\/4631"}],"wp:attachment":[{"href":"https:\/\/dice012.com\/en\/wp-json\/wp\/v2\/media?parent=4558"}],"wp:term":[{"taxonomy":"product_brand","embeddable":true,"href":"https:\/\/dice012.com\/en\/wp-json\/wp\/v2\/product_brand?post=4558"},{"taxonomy":"product_cat","embeddable":true,"href":"https:\/\/dice012.com\/en\/wp-json\/wp\/v2\/product_cat?post=4558"},{"taxonomy":"product_tag","embeddable":true,"href":"https:\/\/dice012.com\/en\/wp-json\/wp\/v2\/product_tag?post=4558"}],"curies":[{"name":"wp","href":"https:\/\/api.w.org\/{rel}","templated":true}]}}