{"id":4519,"date":"2026-01-25T18:37:24","date_gmt":"2026-01-25T18:37:24","guid":{"rendered":"https:\/\/dice012.com\/?post_type=product&#038;p=4519"},"modified":"2026-03-30T11:12:21","modified_gmt":"2026-03-30T11:12:21","slug":"but-why-deck","status":"publish","type":"product","link":"https:\/\/dice012.com\/en\/product\/but-why-deck\/","title":{"rendered":"But why? Deck"},"content":{"rendered":"<p class=\"\" data-start=\"89\" data-end=\"140\"><em>B\u0105d\u017a pingwinem. Albo \u017cyj nadal powoli umieraj\u0105c.<\/em><\/p>\n<p>\u20227 layer of finest canadian maple<br \/>\n\u2022Preorder, produkcja 5tyg (wysylka 4 tydzie\u0144 lutego)<\/p>\n<p>Mimo \u017ce to preorder sprzedajemy tylko po 10 deck\u00f3w na rozmiar.<\/p>\n<p>\u2022high concave<br \/>\n\u2022najlepszy popsicle shape w PL<br \/>\n\u2022GRIP with Dice logo FOR FREE<\/p>","protected":false},"excerpt":{"rendered":"<ol>\n<li><\/li>\n<\/ol>","protected":false},"featured_media":4523,"template":"","meta":[],"product_brand":[],"product_cat":[39,16],"product_tag":[],"class_list":{"0":"post-4519","1":"product","2":"type-product","3":"status-publish","4":"has-post-thumbnail","6":"product_cat-boards","7":"product_cat-uncategorized","8":"product_shipping_class-decki","10":"first","11":"instock","12":"shipping-taxable","13":"purchasable","14":"product-type-variable"},"aioseo_notices":[],"_links":{"self":[{"href":"https:\/\/dice012.com\/en\/wp-json\/wp\/v2\/product\/4519","targetHints":{"allow":["GET"]}}],"collection":[{"href":"https:\/\/dice012.com\/en\/wp-json\/wp\/v2\/product"}],"about":[{"href":"https:\/\/dice012.com\/en\/wp-json\/wp\/v2\/types\/product"}],"wp:featuredmedia":[{"embeddable":true,"href":"https:\/\/dice012.com\/en\/wp-json\/wp\/v2\/media\/4523"}],"wp:attachment":[{"href":"https:\/\/dice012.com\/en\/wp-json\/wp\/v2\/media?parent=4519"}],"wp:term":[{"taxonomy":"product_brand","embeddable":true,"href":"https:\/\/dice012.com\/en\/wp-json\/wp\/v2\/product_brand?post=4519"},{"taxonomy":"product_cat","embeddable":true,"href":"https:\/\/dice012.com\/en\/wp-json\/wp\/v2\/product_cat?post=4519"},{"taxonomy":"product_tag","embeddable":true,"href":"https:\/\/dice012.com\/en\/wp-json\/wp\/v2\/product_tag?post=4519"}],"curies":[{"name":"wp","href":"https:\/\/api.w.org\/{rel}","templated":true}]}}