{"id":4192,"date":"2025-11-21T16:05:51","date_gmt":"2025-11-21T16:05:51","guid":{"rendered":"https:\/\/dice012.com\/?post_type=product&#038;p=4192"},"modified":"2026-02-23T20:13:47","modified_gmt":"2026-02-23T20:13:47","slug":"dice-realm-hood-black","status":"publish","type":"product","link":"https:\/\/dice012.com\/en\/product\/dice-realm-hood-black\/","title":{"rendered":"Dice Realm Hood | Black"},"content":{"rendered":"<p>\u2022 GSM 405 g\/m\u00b2<\/p>\n<p><strong>\u2022 Boxy\/loose fit<\/strong><\/p>\n<p>\u2022 pre-shrunk so it doesn't shrink in washing<\/p>\n<p>\u2022 Finest quality cotton. 80%, Eco-Poliester 20%, It's not balling up<\/p>\n<p>\u2022 Graphics made using newest best method: DTF. We guarantee it doesn't crack and will hold for ages.<\/p>\n<table style=\"height: 5px;\" width=\"327\">\n<tbody>\n<tr>\n<td><\/td>\n<td>S<\/td>\n<td>M<\/td>\n<td>L<\/td>\n<td>XL<\/td>\n<\/tr>\n<tr>\n<td>LENGHT<\/td>\n<td>70 cm<\/td>\n<td>73 cm<\/td>\n<td>75 cm<\/td>\n<td>78 cm<\/td>\n<\/tr>\n<tr>\n<td>WIDTH<\/td>\n<td>56 cm<\/td>\n<td>61 cm<\/td>\n<td>66 cm<\/td>\n<td>71<\/td>\n<\/tr>\n<\/tbody>\n<\/table>\n<p>\u2022 Micha\u0142 is 176 cm high and wears size XL<\/p>\n<p>&nbsp;<\/p>\n<p>Design by bejbifejsik.<\/p>\n<p>&nbsp;<\/p>","protected":false},"excerpt":{"rendered":"<table style=\"height: 5px;\" width=\"327\">\n<tbody>\n<tr>\n<td><\/td>\n<td>S<\/td>\n<td>M<\/td>\n<td>L<\/td>\n<td>XL<\/td>\n<\/tr>\n<tr>\n<td>LENGHT<\/td>\n<td>70,5 cm<\/td>\n<td>71,5 cm<\/td>\n<td>73,5 cm<\/td>\n<td>75,5 cm<\/td>\n<\/tr>\n<tr>\n<td>WIDTH<\/td>\n<td>65 cm<\/td>\n<td>68 cm<\/td>\n<td>71 cm<\/td>\n<td>73<\/td>\n<\/tr>\n<\/tbody>\n<\/table>\n<p>Hubert 187cm\/75 kg w rozmiarze XL<\/p>\n<p>\u2022 gramatura 500 g\/m\u00b2<\/p>\n<p><strong>\u2022 nowy idealny boxy kr\u00f3j<\/strong><\/p>\n<p>\u2022 pre-shrunk so it doesn't shrink in washing<\/p>\n<p>\u2022 wzmocniona dzianina refined+: 90% bawe\u0142na, 10% poliester ekologiczny (Zupe\u0142ny brak kulkowania)<\/p>\n<p>\u2022 pranie do 30\u00b0C<\/p>\n<p>\u2022 Haft komputerowy z aplikacj\u0105 z eco sk\u00f3ry.<\/p>\n<p>\u2022 mocne i szerokie \u015bci\u0105gacze na dole i r\u0119kawach<\/p>\n<p>\u2022 kiesze\u0144 kangurek<\/p>\n<p>\u2022 du\u017cy kaptur<\/p>\n<p>\u2022 szerokie r\u0119kawy<\/p>","protected":false},"featured_media":4172,"template":"","meta":[],"product_brand":[],"product_cat":[40,16],"product_tag":[],"class_list":{"0":"post-4192","1":"product","2":"type-product","3":"status-publish","4":"has-post-thumbnail","6":"product_cat-tops","7":"product_cat-uncategorized","9":"first","10":"instock","11":"shipping-taxable","12":"purchasable","13":"product-type-variable"},"aioseo_notices":[],"_links":{"self":[{"href":"https:\/\/dice012.com\/en\/wp-json\/wp\/v2\/product\/4192","targetHints":{"allow":["GET"]}}],"collection":[{"href":"https:\/\/dice012.com\/en\/wp-json\/wp\/v2\/product"}],"about":[{"href":"https:\/\/dice012.com\/en\/wp-json\/wp\/v2\/types\/product"}],"wp:featuredmedia":[{"embeddable":true,"href":"https:\/\/dice012.com\/en\/wp-json\/wp\/v2\/media\/4172"}],"wp:attachment":[{"href":"https:\/\/dice012.com\/en\/wp-json\/wp\/v2\/media?parent=4192"}],"wp:term":[{"taxonomy":"product_brand","embeddable":true,"href":"https:\/\/dice012.com\/en\/wp-json\/wp\/v2\/product_brand?post=4192"},{"taxonomy":"product_cat","embeddable":true,"href":"https:\/\/dice012.com\/en\/wp-json\/wp\/v2\/product_cat?post=4192"},{"taxonomy":"product_tag","embeddable":true,"href":"https:\/\/dice012.com\/en\/wp-json\/wp\/v2\/product_tag?post=4192"}],"curies":[{"name":"wp","href":"https:\/\/api.w.org\/{rel}","templated":true}]}}