{"id":4007,"date":"2025-10-07T11:46:07","date_gmt":"2025-10-07T11:46:07","guid":{"rendered":"https:\/\/dice012.com\/?post_type=product&#038;p=4007"},"modified":"2026-01-07T13:09:25","modified_gmt":"2026-01-07T13:09:25","slug":"ember-beanie-dark-blue","status":"publish","type":"product","link":"https:\/\/dice012.com\/en\/product\/ember-beanie-dark-blue\/","title":{"rendered":"Ember Beanie &#8211; Dark Blue"},"content":{"rendered":"<p>\u2022 gruba dzianina, fit z szerok\u0105 zak\u0142adk\u0105.<\/p>\n<p>\u2022 Embroidered by us with a computer embroidery machine<\/p>\n<p>\u2022 Pierz r\u0119cznie, nie suszy\u0107 w szuszarce b\u0119bnowej<\/p>\n<p>&nbsp;<\/p>","protected":false},"excerpt":{"rendered":"<p>One Size<br \/>\nDost\u0119pno\u015b\u0107: 20 na kolor<br \/>\nEmbroidered logo<\/p>","protected":false},"featured_media":4148,"template":"","meta":[],"product_brand":[],"product_cat":[41,16],"product_tag":[],"class_list":{"0":"post-4007","1":"product","2":"type-product","3":"status-publish","4":"has-post-thumbnail","6":"product_cat-headwear","7":"product_cat-uncategorized","9":"first","10":"instock","11":"sale","12":"shipping-taxable","13":"purchasable","14":"product-type-simple"},"aioseo_notices":[],"_links":{"self":[{"href":"https:\/\/dice012.com\/en\/wp-json\/wp\/v2\/product\/4007","targetHints":{"allow":["GET"]}}],"collection":[{"href":"https:\/\/dice012.com\/en\/wp-json\/wp\/v2\/product"}],"about":[{"href":"https:\/\/dice012.com\/en\/wp-json\/wp\/v2\/types\/product"}],"wp:featuredmedia":[{"embeddable":true,"href":"https:\/\/dice012.com\/en\/wp-json\/wp\/v2\/media\/4148"}],"wp:attachment":[{"href":"https:\/\/dice012.com\/en\/wp-json\/wp\/v2\/media?parent=4007"}],"wp:term":[{"taxonomy":"product_brand","embeddable":true,"href":"https:\/\/dice012.com\/en\/wp-json\/wp\/v2\/product_brand?post=4007"},{"taxonomy":"product_cat","embeddable":true,"href":"https:\/\/dice012.com\/en\/wp-json\/wp\/v2\/product_cat?post=4007"},{"taxonomy":"product_tag","embeddable":true,"href":"https:\/\/dice012.com\/en\/wp-json\/wp\/v2\/product_tag?post=4007"}],"curies":[{"name":"wp","href":"https:\/\/api.w.org\/{rel}","templated":true}]}}