{"id":3770,"date":"2025-08-07T16:29:22","date_gmt":"2025-08-07T16:29:22","guid":{"rendered":"https:\/\/dice012.com\/?post_type=product&#038;p=3770"},"modified":"2025-12-07T09:38:10","modified_gmt":"2025-12-07T09:38:10","slug":"embroidered-d-logo-mesh-shorts","status":"publish","type":"product","link":"https:\/\/dice012.com\/en\/product\/embroidered-d-logo-mesh-shorts\/","title":{"rendered":"Embroidered &#8222;D&#8221; logo mesh shorts"},"content":{"rendered":"<p>Kr\u00f3tkie spodnie inspirowane najlepszymi koszykarskimi i bokserskimi spodniami. Te s\u0105 i do deskorolki i do p\u0142ywania, maj\u0105 mocn\u0105 nie prze\u015bwituj\u0105c\u0105 tkanine siatkow\u0105 kt\u00f3ra zapewnia oddychanie oraz grube boczne lampasy i regulowany pasek. Dodali\u015bmy jako haft okr\u0105g\u0142e logo Dice<\/p>","protected":false},"excerpt":{"rendered":"<p><a href=\"https:\/\/dice012.com\/wp-content\/uploads\/2025\/08\/527888150_30550908557890650_2715088467461359737_n.jpg\"><img decoding=\"async\" class=\"alignnone wp-image-3777 size-full\" src=\"https:\/\/dice012.com\/wp-content\/uploads\/2025\/08\/527888150_30550908557890650_2715088467461359737_n-e1754584653457.jpg\" alt=\"\" width=\"827\" height=\"304\" srcset=\"https:\/\/dice012.com\/wp-content\/uploads\/2025\/08\/527888150_30550908557890650_2715088467461359737_n-e1754584653457.jpg 827w, https:\/\/dice012.com\/wp-content\/uploads\/2025\/08\/527888150_30550908557890650_2715088467461359737_n-e1754584653457-416x153.jpg 416w, https:\/\/dice012.com\/wp-content\/uploads\/2025\/08\/527888150_30550908557890650_2715088467461359737_n-e1754584653457-300x110.jpg 300w, https:\/\/dice012.com\/wp-content\/uploads\/2025\/08\/527888150_30550908557890650_2715088467461359737_n-e1754584653457-768x282.jpg 768w, https:\/\/dice012.com\/wp-content\/uploads\/2025\/08\/527888150_30550908557890650_2715088467461359737_n-e1754584653457-18x7.jpg 18w\" sizes=\"(max-width: 827px) 100vw, 827px\" \/><\/a><\/p>\n<p>\u2022 pranie do 30\u00b0C<\/p>\n<p>\u2022 Haft komputerowy z aplikacj\u0105 z eco sk\u00f3ry.<\/p>\n<p>\u2022 mocna tkanina gramatura 150 g\/m2<\/p>\n<p>\u2022 szerokie d\u0142ugie nogawki<\/p>\n<p>&nbsp;<\/p>\n<p>&nbsp;<\/p>","protected":false},"featured_media":3644,"template":"","meta":[],"product_brand":[],"product_cat":[40,16],"product_tag":[],"class_list":{"0":"post-3770","1":"product","2":"type-product","3":"status-publish","4":"has-post-thumbnail","6":"product_cat-tops","7":"product_cat-uncategorized","9":"first","10":"outofstock","11":"shipping-taxable","12":"purchasable","13":"product-type-variable"},"aioseo_notices":[],"_links":{"self":[{"href":"https:\/\/dice012.com\/en\/wp-json\/wp\/v2\/product\/3770","targetHints":{"allow":["GET"]}}],"collection":[{"href":"https:\/\/dice012.com\/en\/wp-json\/wp\/v2\/product"}],"about":[{"href":"https:\/\/dice012.com\/en\/wp-json\/wp\/v2\/types\/product"}],"wp:featuredmedia":[{"embeddable":true,"href":"https:\/\/dice012.com\/en\/wp-json\/wp\/v2\/media\/3644"}],"wp:attachment":[{"href":"https:\/\/dice012.com\/en\/wp-json\/wp\/v2\/media?parent=3770"}],"wp:term":[{"taxonomy":"product_brand","embeddable":true,"href":"https:\/\/dice012.com\/en\/wp-json\/wp\/v2\/product_brand?post=3770"},{"taxonomy":"product_cat","embeddable":true,"href":"https:\/\/dice012.com\/en\/wp-json\/wp\/v2\/product_cat?post=3770"},{"taxonomy":"product_tag","embeddable":true,"href":"https:\/\/dice012.com\/en\/wp-json\/wp\/v2\/product_tag?post=3770"}],"curies":[{"name":"wp","href":"https:\/\/api.w.org\/{rel}","templated":true}]}}