{"id":3740,"date":"2025-08-07T16:01:42","date_gmt":"2025-08-07T16:01:42","guid":{"rendered":"https:\/\/dice012.com\/?post_type=product&#038;p=3740"},"modified":"2025-12-23T09:31:41","modified_gmt":"2025-12-23T09:31:41","slug":"serpent-hoodie-grey","status":"publish","type":"product","link":"https:\/\/dice012.com\/en\/product\/serpent-hoodie-grey\/","title":{"rendered":"Serpent Hoodie | Grey"},"content":{"rendered":"<p>Chcieli\u015bmy zrobi\u0107 najlepiej wykonan\u0105 i wykrojon\u0105 bluz\u0119 w ca\u0142ym deskorolkowym \u015bwiecie. Materia\u0142y, kr\u00f3j, wyko\u0144czenie i haft z aplikacj\u0105 przesz\u0142y ka\u017cdy nasz test i spe\u0142ni\u0142y wymagania. To si\u0119 sta\u0142o 2 lata temu kiedy wydali\u015bmy Sheriff Hoodie. Serpent to wersja ulepszona. My\u015bleli\u015bmy \u017ce si\u0119 nie da ale poprawili\u015bmy kr\u00f3j, ogarn\u0119li\u015bmy jeszcze lepszy materia\u0142 i \u015bci\u0105gacze. R\u0119kawy s\u0105 jeszcze szersze a Redhand jest ci\u0119\u017cszy ale oddycha lepiej ni\u017c Sheriff. Bluza na lata. Nie da\u0142o si\u0119 lepiej tego zrobi\u0107, po 13 miesi\u0105cach ulepsze\u0144 przedstawiamy Redhand hoodie. Design by bejbifejsik.<\/p>\n<p>&nbsp;<\/p>","protected":false},"excerpt":{"rendered":"<table style=\"height: 5px;\" width=\"327\">\n<tbody>\n<tr>\n<td><\/td>\n<td>S<\/td>\n<td>M<\/td>\n<td>L<\/td>\n<td>XL<\/td>\n<\/tr>\n<tr>\n<td>LENGHT<\/td>\n<td>70,5 cm<\/td>\n<td>71,5 cm<\/td>\n<td>73,5 cm<\/td>\n<td>75,5 cm<\/td>\n<\/tr>\n<tr>\n<td>WIDTH<\/td>\n<td>65 cm<\/td>\n<td>68 cm<\/td>\n<td>71 cm<\/td>\n<td>73<\/td>\n<\/tr>\n<\/tbody>\n<\/table>\n<p>Hubert 187cm\/75 kg w rozmiarze XL<\/p>\n<p>\u2022 gramatura 500 g\/m\u00b2<\/p>\n<p><strong>\u2022 nowy idealny boxy kr\u00f3j<\/strong><\/p>\n<p>\u2022 pre-shrunk so it doesn't shrink in washing<\/p>\n<p>\u2022 wzmocniona dzianina refined+: 90% bawe\u0142na, 10% poliester ekologiczny (Zupe\u0142ny brak kulkowania)<\/p>\n<p>\u2022 pranie do 30\u00b0C<\/p>\n<p>\u2022 Haft komputerowy z aplikacj\u0105 z eco sk\u00f3ry.<\/p>\n<p>\u2022 mocne i szerokie \u015bci\u0105gacze na dole i r\u0119kawach<\/p>\n<p>\u2022 kiesze\u0144 kangurek<\/p>\n<p>\u2022 du\u017cy kaptur<\/p>\n<p>\u2022 szerokie r\u0119kawy<\/p>","protected":false},"featured_media":3916,"template":"","meta":[],"product_brand":[],"product_cat":[40,16],"product_tag":[],"class_list":{"0":"post-3740","1":"product","2":"type-product","3":"status-publish","4":"has-post-thumbnail","6":"product_cat-tops","7":"product_cat-uncategorized","9":"first","10":"outofstock","11":"shipping-taxable","12":"purchasable","13":"product-type-variable"},"aioseo_notices":[],"_links":{"self":[{"href":"https:\/\/dice012.com\/en\/wp-json\/wp\/v2\/product\/3740","targetHints":{"allow":["GET"]}}],"collection":[{"href":"https:\/\/dice012.com\/en\/wp-json\/wp\/v2\/product"}],"about":[{"href":"https:\/\/dice012.com\/en\/wp-json\/wp\/v2\/types\/product"}],"wp:featuredmedia":[{"embeddable":true,"href":"https:\/\/dice012.com\/en\/wp-json\/wp\/v2\/media\/3916"}],"wp:attachment":[{"href":"https:\/\/dice012.com\/en\/wp-json\/wp\/v2\/media?parent=3740"}],"wp:term":[{"taxonomy":"product_brand","embeddable":true,"href":"https:\/\/dice012.com\/en\/wp-json\/wp\/v2\/product_brand?post=3740"},{"taxonomy":"product_cat","embeddable":true,"href":"https:\/\/dice012.com\/en\/wp-json\/wp\/v2\/product_cat?post=3740"},{"taxonomy":"product_tag","embeddable":true,"href":"https:\/\/dice012.com\/en\/wp-json\/wp\/v2\/product_tag?post=3740"}],"curies":[{"name":"wp","href":"https:\/\/api.w.org\/{rel}","templated":true}]}}