{"id":3710,"date":"2025-08-07T13:15:36","date_gmt":"2025-08-07T13:15:36","guid":{"rendered":"https:\/\/dice012.com\/?post_type=product&#038;p=3710"},"modified":"2026-03-12T13:04:06","modified_gmt":"2026-03-12T13:04:06","slug":"embroidered-2x-zip-navy-blue","status":"publish","type":"product","link":"https:\/\/dice012.com\/en\/product\/embroidered-2x-zip-navy-blue\/","title":{"rendered":"Embroidered 2X ZIP | Navy Blue"},"content":{"rendered":"<p>Bluza na lata. Szukali\u015bmy materia\u0142u, znale\u017ali\u015bmy ultra ci\u0119\u017cki. Wykroili\u015bmy z tego najlepsz\u0105 bluze a to wszystko dopi\u0105\u0142 podw\u00f3jny Zip YKK i haft. Nie da\u0142o si\u0119 lepiej tego zrobi\u0107, po 8 miesi\u0105cach ulepsze\u0144 przedstawiamy nast\u0119pstwo Splithead hoodie: Death Stare 2X zip hoodie.<\/p>","protected":false},"excerpt":{"rendered":"<table style=\"height: 5px;\" width=\"327\">\n<tbody>\n<tr>\n<td><\/td>\n<td>S<\/td>\n<td>M<\/td>\n<td>L<\/td>\n<td>XL<\/td>\n<\/tr>\n<tr>\n<td>LENGHT<\/td>\n<td>70,5 cm<\/td>\n<td>71,5 cm<\/td>\n<td>73,5 cm<\/td>\n<td>75,5 cm<\/td>\n<\/tr>\n<tr>\n<td>WIDTH<\/td>\n<td>65 cm<\/td>\n<td>68 cm<\/td>\n<td>71 cm<\/td>\n<td>73<\/td>\n<\/tr>\n<\/tbody>\n<\/table>\n<p><strong>Na zdi\u0119ciu Iwo kt\u00f3ry ma 193 cm wzrostu i wa\u017cy 93 kg nosi rozmiar XL.<\/strong><\/p>\n<p>\u2022 gramatura 480 g\/m\u00b2<\/p>\n<p><strong>\u2022 nowy idealny boxy kr\u00f3j<\/strong><\/p>\n<p>\u2022 pre-shrunk so it doesn't shrink in washing<\/p>\n<p>\u2022 wzmocniona dzianina refined+: 85% bawe\u0142na, 15% poliester ekologiczny (Zupe\u0142nie si\u0119 nie kulkuje)<\/p>\n<p>\u2022 pranie do 30\u00b0C<\/p>\n<p>\u2022 Haft komputerowy z aplikacj\u0105 z eco sk\u00f3ry.<\/p>\n<p>\u2022 mocne i szerokie \u015bci\u0105gacze na dole i r\u0119kawach<\/p>\n<p>\u2022 kiesze\u0144 kangurek<\/p>\n<p>\u2022 du\u017cy kaptur<\/p>\n<p>\u2022 szerokie r\u0119kawy<\/p>","protected":false},"featured_media":3923,"template":"","meta":[],"product_brand":[],"product_cat":[40,16],"product_tag":[],"class_list":{"0":"post-3710","1":"product","2":"type-product","3":"status-publish","4":"has-post-thumbnail","6":"product_cat-tops","7":"product_cat-uncategorized","9":"first","10":"instock","11":"sale","12":"shipping-taxable","13":"purchasable","14":"product-type-variable"},"aioseo_notices":[],"_links":{"self":[{"href":"https:\/\/dice012.com\/en\/wp-json\/wp\/v2\/product\/3710","targetHints":{"allow":["GET"]}}],"collection":[{"href":"https:\/\/dice012.com\/en\/wp-json\/wp\/v2\/product"}],"about":[{"href":"https:\/\/dice012.com\/en\/wp-json\/wp\/v2\/types\/product"}],"wp:featuredmedia":[{"embeddable":true,"href":"https:\/\/dice012.com\/en\/wp-json\/wp\/v2\/media\/3923"}],"wp:attachment":[{"href":"https:\/\/dice012.com\/en\/wp-json\/wp\/v2\/media?parent=3710"}],"wp:term":[{"taxonomy":"product_brand","embeddable":true,"href":"https:\/\/dice012.com\/en\/wp-json\/wp\/v2\/product_brand?post=3710"},{"taxonomy":"product_cat","embeddable":true,"href":"https:\/\/dice012.com\/en\/wp-json\/wp\/v2\/product_cat?post=3710"},{"taxonomy":"product_tag","embeddable":true,"href":"https:\/\/dice012.com\/en\/wp-json\/wp\/v2\/product_tag?post=3710"}],"curies":[{"name":"wp","href":"https:\/\/api.w.org\/{rel}","templated":true}]}}