{"id":3493,"date":"2025-07-13T15:08:29","date_gmt":"2025-07-13T15:08:29","guid":{"rendered":"https:\/\/dice012.com\/?post_type=product&#038;p=3493"},"modified":"2025-12-23T12:51:05","modified_gmt":"2025-12-23T12:51:05","slug":"triclopia-super-square-shape","status":"publish","type":"product","link":"https:\/\/dice012.com\/en\/product\/triclopia-super-square-shape\/","title":{"rendered":"Triclopia &#8211; Super Square Shape"},"content":{"rendered":"<blockquote>\n<p class=\"\" data-start=\"89\" data-end=\"140\"><em>Eyes everywhere. No a one single one blinks<\/em><\/p>\n<p class=\"\" data-start=\"142\" data-end=\"329\"><em>Silence in which something is watching, but it doesn't move. To much looks to ignore. To dead, to be called alive.<\/em><\/p>\n<\/blockquote>\n<p>They were produced in best European board manufacture, HLC from Spain, which for example produces Skatemafia, Jart and Flip boards. If you are looking for best quality, durable decks then this ones will be a good fit.<\/p>\n<p>\u20227 layer of finest canadian maple<br \/>\n\u2022freshly produced on 16th of March 2025<br \/>\n\u2022grphics by Bejbifejs<br \/>\n\u2022high concave<br \/>\n\u2022Super Square Shape.<br \/>\n\u2022GRIP with Dice logo FOR FREE<\/p>\n<p>photos: Piotr Osika @pointandahoot<\/p>","protected":false},"excerpt":{"rendered":"<p><em>&#8222;\u017bycie nie znika. Ono patrzy, a\u017c przestajesz istnie\u0107.<\/em>&#8221;<\/p>\n<p>\u2022Produced on 16th of march 2025<\/p>\n<p>We add free Griptape with Dice logo+<\/p>\n<p>Available until sold out (14 pcs in stock)<\/p>\n<p>&nbsp;<\/p>","protected":false},"featured_media":3495,"template":"","meta":[],"product_brand":[],"product_cat":[39,16],"product_tag":[],"class_list":{"0":"post-3493","1":"product","2":"type-product","3":"status-publish","4":"has-post-thumbnail","6":"product_cat-boards","7":"product_cat-uncategorized","8":"product_shipping_class-decki","10":"first","11":"instock","12":"sale","13":"shipping-taxable","14":"purchasable","15":"product-type-variable"},"aioseo_notices":[],"_links":{"self":[{"href":"https:\/\/dice012.com\/en\/wp-json\/wp\/v2\/product\/3493","targetHints":{"allow":["GET"]}}],"collection":[{"href":"https:\/\/dice012.com\/en\/wp-json\/wp\/v2\/product"}],"about":[{"href":"https:\/\/dice012.com\/en\/wp-json\/wp\/v2\/types\/product"}],"wp:featuredmedia":[{"embeddable":true,"href":"https:\/\/dice012.com\/en\/wp-json\/wp\/v2\/media\/3495"}],"wp:attachment":[{"href":"https:\/\/dice012.com\/en\/wp-json\/wp\/v2\/media?parent=3493"}],"wp:term":[{"taxonomy":"product_brand","embeddable":true,"href":"https:\/\/dice012.com\/en\/wp-json\/wp\/v2\/product_brand?post=3493"},{"taxonomy":"product_cat","embeddable":true,"href":"https:\/\/dice012.com\/en\/wp-json\/wp\/v2\/product_cat?post=3493"},{"taxonomy":"product_tag","embeddable":true,"href":"https:\/\/dice012.com\/en\/wp-json\/wp\/v2\/product_tag?post=3493"}],"curies":[{"name":"wp","href":"https:\/\/api.w.org\/{rel}","templated":true}]}}