{"id":2931,"date":"2025-04-04T07:51:31","date_gmt":"2025-04-04T07:51:31","guid":{"rendered":"https:\/\/dice012.com\/?post_type=product&#038;p=2931"},"modified":"2025-07-22T12:04:35","modified_gmt":"2025-07-22T12:04:35","slug":"dice-realm-disc-pack","status":"publish","type":"product","link":"https:\/\/dice012.com\/en\/product\/dice-realm-disc-pack\/","title":{"rendered":"(50 only) Dice Realm Disc Pack"},"content":{"rendered":"","protected":false},"excerpt":{"rendered":"<p>Ka\u017cda z numeracj\u0105. Kolejne numery przydzielamy zgodnie z kolejno\u015bci\u0105 zam\u00f3wie\u0144.<\/p>\n<p>&nbsp;<\/p>\n<p>Collector Iteam<\/p>\n<p>&nbsp;<\/p>","protected":false},"featured_media":3094,"template":"","meta":[],"product_brand":[],"product_cat":[42,16],"product_tag":[],"class_list":{"0":"post-2931","1":"product","2":"type-product","3":"status-publish","4":"has-post-thumbnail","6":"product_cat-accessories","7":"product_cat-uncategorized","9":"first","10":"outofstock","11":"shipping-taxable","12":"purchasable","13":"product-type-simple"},"aioseo_notices":[],"_links":{"self":[{"href":"https:\/\/dice012.com\/en\/wp-json\/wp\/v2\/product\/2931","targetHints":{"allow":["GET"]}}],"collection":[{"href":"https:\/\/dice012.com\/en\/wp-json\/wp\/v2\/product"}],"about":[{"href":"https:\/\/dice012.com\/en\/wp-json\/wp\/v2\/types\/product"}],"wp:featuredmedia":[{"embeddable":true,"href":"https:\/\/dice012.com\/en\/wp-json\/wp\/v2\/media\/3094"}],"wp:attachment":[{"href":"https:\/\/dice012.com\/en\/wp-json\/wp\/v2\/media?parent=2931"}],"wp:term":[{"taxonomy":"product_brand","embeddable":true,"href":"https:\/\/dice012.com\/en\/wp-json\/wp\/v2\/product_brand?post=2931"},{"taxonomy":"product_cat","embeddable":true,"href":"https:\/\/dice012.com\/en\/wp-json\/wp\/v2\/product_cat?post=2931"},{"taxonomy":"product_tag","embeddable":true,"href":"https:\/\/dice012.com\/en\/wp-json\/wp\/v2\/product_tag?post=2931"}],"curies":[{"name":"wp","href":"https:\/\/api.w.org\/{rel}","templated":true}]}}