{"id":2830,"date":"2025-03-23T01:01:02","date_gmt":"2025-03-23T01:01:02","guid":{"rendered":"https:\/\/dice012.com\/?post_type=product&#038;p=2830"},"modified":"2026-03-12T06:57:41","modified_gmt":"2026-03-12T06:57:41","slug":"death-stare-super-square-shape","status":"publish","type":"product","link":"https:\/\/dice012.com\/en\/product\/death-stare-super-square-shape\/","title":{"rendered":"Death Stare &#8211; Super Square Shape"},"content":{"rendered":"<p>Zosta\u0142y wyprodukowane w najlepszej Europejskiej manufakturze deskorolek, HLC z Hiszpanii ,kt\u00f3ra dla przyk\u0142adu produkuje r\u00f3wnie\u017c dechy Skatemafia i Jart. Projektowane przez Igora Nowaka na podstawie obrazu przyjaciela pt.: &#8222;Esklacja Pomoru&#8221; opowiadaj\u0105cego o czekaj\u0105cym ka\u017cdego z nas przej\u015bciu w zapomnienie.<\/p>\n<p>\u20227 layer of finest canadian maple<br \/>\n\u2022freshly produced on 16th of March 2025<br \/>\n\u2022grphics by Bejbifejs<br \/>\n\u2022high concave<br \/>\n\u2022Super Square Shape.<br \/>\n\u2022GRIP with Dice logo FOR FREE<\/p>\n<p>photos: Piotr Osika @pointandahoot<\/p>","protected":false},"excerpt":{"rendered":"<p><em>&#8222;\u017bycie nie znika. Ono patrzy, a\u017c przestajesz istnie\u0107.<\/em>&#8221;<\/p>\n<p>\u2022Produced on 16th of march 2025<\/p>\n<p>We add free Griptape with Dice logo+<\/p>\n<p>Available until sold out (14 pcs in stock)<\/p>\n<p>&nbsp;<\/p>","protected":false},"featured_media":3007,"template":"","meta":[],"product_brand":[],"product_cat":[39,16],"product_tag":[],"class_list":{"0":"post-2830","1":"product","2":"type-product","3":"status-publish","4":"has-post-thumbnail","6":"product_cat-boards","7":"product_cat-uncategorized","8":"product_shipping_class-decki","10":"first","11":"instock","12":"shipping-taxable","13":"purchasable","14":"product-type-variable"},"aioseo_notices":[],"_links":{"self":[{"href":"https:\/\/dice012.com\/en\/wp-json\/wp\/v2\/product\/2830","targetHints":{"allow":["GET"]}}],"collection":[{"href":"https:\/\/dice012.com\/en\/wp-json\/wp\/v2\/product"}],"about":[{"href":"https:\/\/dice012.com\/en\/wp-json\/wp\/v2\/types\/product"}],"wp:featuredmedia":[{"embeddable":true,"href":"https:\/\/dice012.com\/en\/wp-json\/wp\/v2\/media\/3007"}],"wp:attachment":[{"href":"https:\/\/dice012.com\/en\/wp-json\/wp\/v2\/media?parent=2830"}],"wp:term":[{"taxonomy":"product_brand","embeddable":true,"href":"https:\/\/dice012.com\/en\/wp-json\/wp\/v2\/product_brand?post=2830"},{"taxonomy":"product_cat","embeddable":true,"href":"https:\/\/dice012.com\/en\/wp-json\/wp\/v2\/product_cat?post=2830"},{"taxonomy":"product_tag","embeddable":true,"href":"https:\/\/dice012.com\/en\/wp-json\/wp\/v2\/product_tag?post=2830"}],"curies":[{"name":"wp","href":"https:\/\/api.w.org\/{rel}","templated":true}]}}