{"id":2826,"date":"2025-03-26T20:10:59","date_gmt":"2025-03-26T20:10:59","guid":{"rendered":"https:\/\/dice012.com\/?post_type=product&#038;p=2826"},"modified":"2025-12-23T09:40:34","modified_gmt":"2025-12-23T09:40:34","slug":"triclopia-deck","status":"publish","type":"product","link":"https:\/\/dice012.com\/en\/product\/triclopia-deck\/","title":{"rendered":"(Last 2 size 8,5) Triclopia Deck"},"content":{"rendered":"<blockquote>\n<p class=\"\" data-start=\"89\" data-end=\"140\"><em>Eyes everywhere. No a one single one blinks<\/em><\/p>\n<p class=\"\" data-start=\"142\" data-end=\"329\"><em>Silence in which something is watching, but it doesn't move. To much looks to ignore. To dead, to be called alive.<\/em><\/p>\n<\/blockquote>\n<p>They were produced in best European board manufacture, HLC from Spain, which for example produces Skatemafia, Jart and Flip boards. If you are looking for best quality, durable decks then this ones will be a good fit.<br \/>\n\u20227 layer of finest canadian maple<br \/>\n\u2022Produced on 16th of march 2025<br \/>\n\u2022graphics by bejbifejs<br \/>\n\u2022high concave<br \/>\n\u2022popsicle shape<br \/>\n\u2022GRIP with Dice logo FOR FREE<\/p>","protected":false},"excerpt":{"rendered":"<p>Oczy wsz\u0119dzie. \u017badne nie mrugaj\u0105. Cisza, w kt\u00f3rej co\u015b patrzy, ale si\u0119 nie porusza. Zbyt wiele spojrze\u0144, \u017ceby zignorowa\u0107. Zbyt&#8230;<\/p>","protected":false},"featured_media":2981,"template":"","meta":[],"product_brand":[],"product_cat":[39,16],"product_tag":[],"class_list":{"0":"post-2826","1":"product","2":"type-product","3":"status-publish","4":"has-post-thumbnail","6":"product_cat-boards","7":"product_cat-uncategorized","8":"product_shipping_class-decki","10":"first","11":"instock","12":"sale","13":"shipping-taxable","14":"purchasable","15":"product-type-variable"},"aioseo_notices":[],"_links":{"self":[{"href":"https:\/\/dice012.com\/en\/wp-json\/wp\/v2\/product\/2826","targetHints":{"allow":["GET"]}}],"collection":[{"href":"https:\/\/dice012.com\/en\/wp-json\/wp\/v2\/product"}],"about":[{"href":"https:\/\/dice012.com\/en\/wp-json\/wp\/v2\/types\/product"}],"wp:featuredmedia":[{"embeddable":true,"href":"https:\/\/dice012.com\/en\/wp-json\/wp\/v2\/media\/2981"}],"wp:attachment":[{"href":"https:\/\/dice012.com\/en\/wp-json\/wp\/v2\/media?parent=2826"}],"wp:term":[{"taxonomy":"product_brand","embeddable":true,"href":"https:\/\/dice012.com\/en\/wp-json\/wp\/v2\/product_brand?post=2826"},{"taxonomy":"product_cat","embeddable":true,"href":"https:\/\/dice012.com\/en\/wp-json\/wp\/v2\/product_cat?post=2826"},{"taxonomy":"product_tag","embeddable":true,"href":"https:\/\/dice012.com\/en\/wp-json\/wp\/v2\/product_tag?post=2826"}],"curies":[{"name":"wp","href":"https:\/\/api.w.org\/{rel}","templated":true}]}}