{"id":2821,"date":"2025-03-23T11:00:36","date_gmt":"2025-03-23T11:00:36","guid":{"rendered":"https:\/\/dice012.com\/?post_type=product&#038;p=2821"},"modified":"2026-03-12T07:04:17","modified_gmt":"2026-03-12T07:04:17","slug":"death-stare-deck-2","status":"publish","type":"product","link":"https:\/\/dice012.com\/en\/product\/death-stare-deck-2\/","title":{"rendered":"Death Stare Deck"},"content":{"rendered":"<p>229Zosta\u0142y wyprodukowane w najlepszej Europejskiej manufakturze deskorolek, HLC z Hiszpanii ,kt\u00f3ra dla przyk\u0142adu produkuje r\u00f3wnie\u017c dechy Skatemafia i Jart. Projektowane przez Igora Nowaka na podstawie obrazu przyjaciela pt.: &#8222;Esklacja Pomoru&#8221; opowiadaj\u0105cego o czekaj\u0105cym ka\u017cdego z nas przej\u015bciu w zapomnienie.<\/p>\n<p>\u20227 layer of finest canadian maple<br \/>\n\u2022freshly produced on 16th of March 2025<br \/>\n\u2022grafika by bejbifejs<br \/>\n\u2022high concave<br \/>\n\u2022popsicle shape<br \/>\n\u2022GRIP with Dice logo FOR FREE<\/p>\n<p>photos: Piotr Osika @pointandahoot<\/p>","protected":false},"excerpt":{"rendered":"<p><em>&#8222;\u017bycie nie znika. Ono patrzy, a\u017c przestajesz istnie\u0107.<\/em>&#8221;<\/p>\n<p>\u2022Produced on 16th of march 2025<\/p>\n<p>We add free Griptape with Dice logo+<\/p>\n<p>Available until sold out (14 pcs in stock)<\/p>\n<p>&nbsp;<\/p>","protected":false},"featured_media":2982,"template":"","meta":[],"product_brand":[],"product_cat":[39,16],"product_tag":[],"class_list":{"0":"post-2821","1":"product","2":"type-product","3":"status-publish","4":"has-post-thumbnail","6":"product_cat-boards","7":"product_cat-uncategorized","8":"product_shipping_class-decki","10":"first","11":"instock","12":"sale","13":"shipping-taxable","14":"purchasable","15":"product-type-variable"},"aioseo_notices":[],"_links":{"self":[{"href":"https:\/\/dice012.com\/en\/wp-json\/wp\/v2\/product\/2821","targetHints":{"allow":["GET"]}}],"collection":[{"href":"https:\/\/dice012.com\/en\/wp-json\/wp\/v2\/product"}],"about":[{"href":"https:\/\/dice012.com\/en\/wp-json\/wp\/v2\/types\/product"}],"wp:featuredmedia":[{"embeddable":true,"href":"https:\/\/dice012.com\/en\/wp-json\/wp\/v2\/media\/2982"}],"wp:attachment":[{"href":"https:\/\/dice012.com\/en\/wp-json\/wp\/v2\/media?parent=2821"}],"wp:term":[{"taxonomy":"product_brand","embeddable":true,"href":"https:\/\/dice012.com\/en\/wp-json\/wp\/v2\/product_brand?post=2821"},{"taxonomy":"product_cat","embeddable":true,"href":"https:\/\/dice012.com\/en\/wp-json\/wp\/v2\/product_cat?post=2821"},{"taxonomy":"product_tag","embeddable":true,"href":"https:\/\/dice012.com\/en\/wp-json\/wp\/v2\/product_tag?post=2821"}],"curies":[{"name":"wp","href":"https:\/\/api.w.org\/{rel}","templated":true}]}}