{"id":46,"date":"2022-11-01T14:07:50","date_gmt":"2022-11-01T14:07:50","guid":{"rendered":"https:\/\/dice012.com\/?page_id=46"},"modified":"2025-07-17T14:00:33","modified_gmt":"2025-07-17T14:00:33","slug":"terms-and-conditions","status":"publish","type":"page","link":"https:\/\/dice012.com\/en\/terms-and-conditions\/","title":{"rendered":"terms and conditions"},"content":{"rendered":"<p><strong>REGULAMIN SKLEPU INTERNETOWEGO<br \/>www.Dice012.com<\/strong><\/p>\n<ul>\n<li><strong> 1<\/strong><\/li>\n<\/ul>\n<p><strong>POSTANOWIENIA OG\u00d3LNE<\/strong><\/p>\n<ol>\n<li>Sklep&nbsp;<strong>www.Dice012.com<\/strong>&nbsp;dzia\u0142a na&nbsp;zasadach okre\u015blonych w niniejszym Regulaminie.<\/li>\n<li>Regulamin okre\u015bla warunki zawierania i&nbsp;rozwi\u0105zywania Um\u00f3w Sprzeda\u017cy Produktu oraz tryb post\u0119powania reklamacyjnego, a tak\u017ce rodzaje i zakres us\u0142ug \u015bwiadczonych drog\u0105 elektroniczn\u0105 przez Sklep&nbsp;<strong>www.Dice012.com<\/strong>, zasady \u015bwiadczenia tych us\u0142ug, warunki zawierania i&nbsp;rozwi\u0105zywania um\u00f3w o&nbsp;\u015bwiadczenie us\u0142ug drog\u0105 elektroniczn\u0105.<\/li>\n<li>Ka\u017cdy Us\u0142ugobiorca z&nbsp;chwil\u0105 podj\u0119cia czynno\u015bci zmierzaj\u0105cych do korzystania z&nbsp;Us\u0142ug Elektronicznych Sklepu www.equishade.eu&nbsp;zobowi\u0105zany jest do&nbsp;przestrzegania postanowie\u0144 niniejszego Regulaminu.<\/li>\n<li>W sprawach nieuregulowanych w&nbsp;niniejszym Regulaminie maj\u0105 zastosowanie przepisy:\n<ol>\n<li>ustawy o&nbsp;\u015bwiadczeniu us\u0142ug drog\u0105 elektroniczn\u0105 z&nbsp;dnia 18 lipca 2002 r.,<\/li>\n<li>ustawy o&nbsp;prawach konsumenta z&nbsp;dnia 30 maja 2014 r.,<\/li>\n<li>ustawy o&nbsp;pozas\u0105dowym rozwi\u0105zywaniu spor\u00f3w konsumenckich z&nbsp;dnia 23 wrze\u015bnia 2016 r.,<\/li>\n<li>ustawy Kodeks cywilny z&nbsp;dnia 23 kwietnia 1964 r. oraz inne w\u0142a\u015bciwe przepisy prawa polskiego.<\/li>\n<\/ol>\n<\/li>\n<\/ol>\n<ul>\n<li><strong> 2<\/strong><\/li>\n<\/ul>\n<p><strong>DEFINICJE ZAWARTE W&nbsp;REGULAMINIE<\/strong><\/p>\n<ol>\n<li><strong>FORMULARZ&nbsp;ZAM\u00d3WIENIA<\/strong>&nbsp;\u2013 formularz dost\u0119pny na&nbsp;stronie internetowej&nbsp;<strong>www.Dice012.com<\/strong>\/checkout\/ umo\u017cliwiaj\u0105cy z\u0142o\u017cenie Zam\u00f3wienia.<\/li>\n<li><strong>KLIENT<\/strong>&nbsp;\u2013 Us\u0142ugobiorca, kt\u00f3ry zamierza zawrze\u0107 lub zawar\u0142 Umow\u0119 Sprzeda\u017cy ze&nbsp;Sprzedawc\u0105.<\/li>\n<li><strong>KONSUMENT<\/strong>&nbsp;\u2013 osoba fizyczna, kt\u00f3ra dokonuje z&nbsp;przedsi\u0119biorc\u0105 czynno\u015bci prawnej niezwi\u0105zanej bezpo\u015brednio z&nbsp;jej dzia\u0142alno\u015bci\u0105 gospodarcz\u0105 lub zawodow\u0105.<\/li>\n<li><strong>PRODUKT<\/strong>&nbsp;\u2013 dost\u0119pna w&nbsp;Sklepie rzecz ruchoma b\u0119d\u0105ca przedmiotem Umowy Sprzeda\u017cy mi\u0119dzy Klientem a Sprzedawc\u0105.<\/li>\n<li><strong>REGULAMIN<\/strong>&nbsp;&#8211; niniejszy regulamin Sklepu.<\/li>\n<li><strong>SKLEP<\/strong>&nbsp;&#8211; Sklep internetowy Us\u0142ugodawcy dzia\u0142aj\u0105cy pod adresem&nbsp;<strong>www.Dice012.com<\/strong>.<\/li>\n<li><strong>SPRZEDAWCA<\/strong>,&nbsp;<strong>US\u0141UGODAWCA<\/strong>&nbsp;\u2013 Biuro Handlowe Densus Magdalena Nowak, J\u00f3zefa Unruga 96, 30-394 Krak\u00f3w, NIP: 6842039448<\/li>\n<\/ol>\n<ol>\n<li><strong>UMOWA&nbsp;SPRZEDA\u017bY<\/strong>&nbsp;\u2013 Umowa Sprzeda\u017cy Produktu zawarta mi\u0119dzy Klientem, a Sprzedawc\u0105 za&nbsp;po\u015brednictwem Sklepu.<\/li>\n<li><strong>ZAM\u00d3WIENIE<\/strong>&nbsp;&#8211; o\u015bwiadczenie woli Klienta stanowi\u0105ce ofert\u0119 zawarcia Umowy Sprzeda\u017cy Produktu ze&nbsp;Sprzedawc\u0105.<\/li>\n<\/ol>\n<ul>\n<li><strong> 3<\/strong><\/li>\n<\/ul>\n<p><strong>INFORMACJE DOTYCZ\u0104CE PRODUKT\u00d3W ORAZ ICH ZAMAWIANIA<\/strong><\/p>\n<ol>\n<li>Sklep&nbsp;<strong>www.Dice012.com<\/strong>&nbsp;prowadzi sprzeda\u017c Produkt\u00f3w za&nbsp;po\u015brednictwem sieci Internet.<\/li>\n<li>Produkty oferowane w&nbsp;Sklepie s\u0105 nowe, wolne od wad fizycznych i prawnych i&nbsp;zosta\u0142y legalnie wprowadzone na&nbsp;rynek polski.<\/li>\n<li>Informacje znajduj\u0105ce si\u0119 na&nbsp;stronach internetowych Sklepu nie stanowi\u0105 oferty w&nbsp;rozumieniu przepis\u00f3w prawa. Klient, sk\u0142adaj\u0105c Zam\u00f3wienie, sk\u0142ada ofert\u0119 kupna okre\u015blonego Produktu na warunkach podanych w&nbsp;jego opisie.<\/li>\n<li>Cena Produktu uwidoczniona na&nbsp;stronie internetowej Sklepu podana jest w z\u0142otych polskich (PLN) i&nbsp;zawiera wszystkie sk\u0142adniki. Cena nie zawiera koszt\u00f3w dostawy.<\/li>\n<li>Zam\u00f3wienia mo\u017cna sk\u0142ada\u0107 poprzez witryn\u0119 internetow\u0105 za&nbsp;pomoc\u0105 Formularza Zam\u00f3wie\u0144 (Sklep&nbsp;<strong>www.Dice012.com<\/strong>\/checkout\/) \u2013 24 godziny na&nbsp;dob\u0119 przez ca\u0142y rok.<\/li>\n<li>Warunkiem z\u0142o\u017cenia Zam\u00f3wienia w&nbsp;Sklepie przez Klienta jest zapoznanie si\u0119 z&nbsp;Regulaminem i&nbsp;akceptacja jego postanowie\u0144 w&nbsp;czasie sk\u0142adania Zam\u00f3wienia.<\/li>\n<\/ol>\n<ul>\n<li><strong> 4<\/strong><\/li>\n<\/ul>\n<p><strong>ZAWARCIE UMOWY SPRZEDA\u017bY<\/strong><\/p>\n<ol>\n<li>Do zawarcia Umowy Sprzeda\u017cy, niezb\u0119dne jest wcze\u015bniejsze z\u0142o\u017cenie przez Klienta Zam\u00f3wienia udost\u0119pnionym przez Sprzedawc\u0119 sposobem, zgodnie z&nbsp;\u00a7 3 pkt 5 oraz 6 Regulaminu.<\/li>\n<li>Po z\u0142o\u017ceniu Zam\u00f3wienia Sprzedawca niezw\u0142ocznie potwierdza jego otrzymanie.<\/li>\n<li>Potwierdzenie przyj\u0119cia Zam\u00f3wienia, o&nbsp;kt\u00f3rym mowa w&nbsp;pkt 2 niniejszego paragrafu powoduje zwi\u0105zanie Klienta jego Zam\u00f3wieniem. Potwierdzenie otrzymania Zam\u00f3wienia nast\u0119puje poprzez przes\u0142anie wiadomo\u015bci e-mail.<\/li>\n<li>Potwierdzenie otrzymania Zam\u00f3wienia zawiera:\n<ol>\n<li>potwierdzenie wszystkich istotnych element\u00f3w Zam\u00f3wienia,<\/li>\n<li>formularz odst\u0105pienia od umowy,<\/li>\n<li>niniejszy Regulamin zawieraj\u0105cy pouczenie o&nbsp;prawie do&nbsp;odst\u0105pienia od umowy.<\/li>\n<\/ol>\n<\/li>\n<li>Z chwil\u0105 otrzymania przez Klienta wiadomo\u015bci e-mail, o&nbsp;kt\u00f3rej mowa w&nbsp;pkt 4 niniejszego paragrafu, zostaje zawarta Umowa Sprzeda\u017cy mi\u0119dzy Klientem, a Sprzedawc\u0105.<\/li>\n<li>Ka\u017cda Umowa Sprzeda\u017cy b\u0119dzie potwierdzana dowodem zakupu, kt\u00f3ry b\u0119dzie do\u0142\u0105czany do&nbsp;Produktu.<\/li>\n<\/ol>\n<ul>\n<li><strong> 5<\/strong><\/li>\n<\/ul>\n<p><strong>SPOSOBY P\u0141ATNO\u015aCI<\/strong><\/p>\n<ol>\n<li>Sprzedawca udost\u0119pnia nast\u0119puj\u0105ce sposoby p\u0142atno\u015bci:\n<ol>\n<li>p\u0142atno\u015b\u0107 przelewem tradycyjnym na&nbsp;rachunek bankowy Sprzedawcy,<\/li>\n<li>p\u0142atno\u015b\u0107 za&nbsp;po\u015brednictwem elektronicznego systemu p\u0142atno\u015bci.<\/li>\n<\/ol>\n<\/li>\n<li>W przypadku p\u0142atno\u015bci za&nbsp;po\u015brednictwem elektronicznego systemu p\u0142atno\u015bci Klient dokonuje zap\u0142aty przed rozpocz\u0119ciem realizacji Zam\u00f3wienia. Elektroniczny system p\u0142atno\u015bci umo\u017cliwia dokonanie p\u0142atno\u015bci za&nbsp;pomoc\u0105 karty kredytowej lub szybkiego przelewu z wybranych polskich bank\u00f3w.<\/li>\n<li>Klient zobowi\u0105zany jest do&nbsp;dokonania zap\u0142aty ceny z&nbsp;tytu\u0142u Umowy Sprzeda\u017cy w&nbsp;terminie 5 dni roboczych od dnia jej zawarcia, chyba \u017ce Umowa Sprzeda\u017cy stanowi inaczej.<\/li>\n<li>Produkt zostanie wys\u0142any dopiero po jego op\u0142aceniu.<\/li>\n<\/ol>\n<ul>\n<li><strong> 6<\/strong><\/li>\n<\/ul>\n<p><strong>KOSZT, TERMIN I&nbsp;SPOSOBY DOSTAWY PRODUKTU<\/strong><\/p>\n<ol>\n<li>Koszty dostawy Produktu, kt\u00f3re pokrywa Klient, s\u0105 ustalane w&nbsp;trakcie procesu sk\u0142adania Zam\u00f3wienia.<\/li>\n<li>Na termin dostawy Produktu sk\u0142ada si\u0119 czas kompletowania Produktu oraz czas dostawy Produktu przez przewo\u017anika:\n<ol>\n<li>czas kompletowania Produkt\u00f3w wynosi do 5 dni roboczych,<\/li>\n<li>dostawa Produkt\u00f3w stanowi\u0105cych rzeczy ruchome przez przewo\u017anika nast\u0119puje w&nbsp;terminie przez niego deklarowanym tj. 3 dni roboczych od momentu nadania przesy\u0142ki (dostawa nast\u0119puje wy\u0142\u0105cznie w&nbsp;dni robocze z&nbsp;wy\u0142\u0105czeniem sob\u00f3t, niedziel i \u015bwi\u0105t).<\/li>\n<\/ol>\n<\/li>\n<li>Zakupione w&nbsp;Sklepie Produkty s\u0105 wysy\u0142ane wy\u0142\u0105cznie na&nbsp;terenie Europy za po\u015brednictwem Paczkomat\u00f3w InPost lub kuriera DPD.<\/li>\n<\/ol>\n<ul>\n<li><strong> 7<\/strong><\/li>\n<\/ul>\n<p><strong>REKLAMACJA PRODUKTU<\/strong><\/p>\n<ol>\n<li><strong>Reklamacja z&nbsp;tytu\u0142u r\u0119kojmi.<\/strong>\n<ol>\n<li>Podstawa i&nbsp;zakres odpowiedzialno\u015bci Sprzedawcy wobec Klienta b\u0119d\u0105cego Konsumentem z&nbsp;tytu\u0142u r\u0119kojmi obejmuj\u0105cej wady fizyczne i&nbsp;prawne, s\u0105 okre\u015blone w&nbsp;ustawie Kodeks cywilny z&nbsp;dnia 23 kwietnia 1964 r.,<\/li>\n<li>zawiadomienia o&nbsp;wadach dotycz\u0105cych Produktu oraz zg\u0142oszenie odpowiedniego \u017c\u0105dania mo\u017cna dokona\u0107 za&nbsp;po\u015brednictwem poczty elektronicznej na&nbsp;adres kontakt@dice012.com\/xsnabb@gmail.com&nbsp;lub przez wiadomo\u015b\u0107 za po\u015brednictwem konta instagram na profilu @dice_012 lub pozosta\u0142ch medi\u00f3w okre\u015blonych na stronie&nbsp;https:\/\/dice012.com\/?page_id=15&amp;preview=true w powy\u017cszej wiadomo\u015bci w&nbsp;formie pisemnej lub elektronicznej nale\u017cy poda\u0107 jak najwi\u0119cej informacji i&nbsp;okoliczno\u015bci dotycz\u0105cych przedmiotu reklamacji, w&nbsp;szczeg\u00f3lno\u015bci rodzaj i&nbsp;dat\u0119 wyst\u0105pienia nieprawid\u0142owo\u015bci oraz dane kontaktowe. Podane informacje znacznie u\u0142atwi\u0105 i&nbsp;przyspiesz\u0105 rozpatrzenie reklamacji przez Sprzedawc\u0119,<\/li>\n<li>dla oceny wad fizycznych Produktu, nale\u017cy go dostarczy\u0107 na&nbsp;adres:&nbsp;<strong>J\u00f3zefa Unruga 96, 30-394 Krak\u00f3w, 501092413.<\/strong><\/li>\n<li>Sprzedawca ustosunkuje si\u0119 do&nbsp;\u017c\u0105dania Klienta niezw\u0142ocznie, nie p\u00f3\u017aniej ni\u017c w&nbsp;terminie 14 dni od momentu zg\u0142oszenia reklamacji,<\/li>\n<li>w przypadku reklamacji Klienta b\u0119d\u0105cego Konsumentem \u2013 nierozpatrzenie reklamacji w&nbsp;terminie 14 dni od jej zg\u0142oszenia jest jednoznaczne z&nbsp;jej uwzgl\u0119dnieniem. W&nbsp;zwi\u0105zku z&nbsp;uzasadnion\u0105 reklamacj\u0105 Klienta b\u0119d\u0105cego Konsumentem, Sprzedawca pokrywa koszty odbioru, dostawy i&nbsp;wymiany Produktu na&nbsp;wolny od wad,<\/li>\n<li>odpowied\u017a na&nbsp;reklamacj\u0119 jest przekazywana na&nbsp;papierze lub innym trwa\u0142ym no\u015bniku np. wiadomo\u015b\u0107 mailowa lub SMS.<\/li>\n<\/ol>\n<\/li>\n<\/ol>\n<ul>\n<li><strong> 8<\/strong><\/li>\n<\/ul>\n<p><strong>PRAWO ODST\u0104PIENIA OD UMOWY<\/strong><\/p>\n<ol>\n<li>Z zastrze\u017ceniem pkt 10 niniejszego paragrafu, Klient b\u0119d\u0105cy jednocze\u015bnie Konsumentem, kt\u00f3ry zawar\u0142 umow\u0119 na&nbsp;odleg\u0142o\u015b\u0107, mo\u017ce od niej odst\u0105pi\u0107 bez podania przyczyn, sk\u0142adaj\u0105c stosowne o\u015bwiadczenie w&nbsp;terminie 14 dni.<\/li>\n<li>W razie odst\u0105pienia od umowy, Umowa Sprzeda\u017cy jest uwa\u017cana za niezawart\u0105, a Konsument ma&nbsp;obowi\u0105zek zwr\u00f3ci\u0107 Produkt Sprzedawcy lub przekaza\u0107 go osobie upowa\u017cnionej przez Sprzedawc\u0119 do&nbsp;odbioru niezw\u0142ocznie, jednak nie p\u00f3\u017aniej ni\u017c 14 dni od dnia, w&nbsp;kt\u00f3rym odst\u0105pi\u0142 od umowy, chyba \u017ce Sprzedawca zaproponowa\u0142, \u017ce sam odbierze Produkt. Do&nbsp;zachowania terminu wystarczy odes\u0142anie Produktu przed jego up\u0142ywem.<\/li>\n<li>W przypadku odst\u0105pienia od Umowy Sprzeda\u017cy nale\u017cy dokona\u0107 zwrotu Produktu na&nbsp;adres:&nbsp;<strong>J\u00f3zefa Unruga 96, 30-394 Krak\u00f3w, 501092413<\/strong><\/li>\n<li>Konsument ponosi odpowiedzialno\u015b\u0107 za&nbsp;zmniejszenie warto\u015bci Produktu b\u0119d\u0105ce wynikiem korzystania z&nbsp;niego w&nbsp;spos\u00f3b wykraczaj\u0105cy poza konieczny do&nbsp;stwierdzenia charakteru, cech i&nbsp;funkcjonowania Produktu. W&nbsp;celu stwierdzenia charakteru, cech i&nbsp;funkcjonowania Produkt\u00f3w Konsument powinien obchodzi\u0107 si\u0119 z&nbsp;Produktami i&nbsp;sprawdza\u0107 je tylko w&nbsp;taki sam spos\u00f3b, w&nbsp;jaki m\u00f3g\u0142by to zrobi\u0107 w&nbsp;sklepie stacjonarnym.<\/li>\n<li>Z zastrze\u017ceniem pkt 6 oraz 8 niniejszego paragrafu, Sprzedawca dokona zwrotu warto\u015bci Produktu wraz z&nbsp;kosztami jego dostawy przy u\u017cyciu takiego samego sposobu zap\u0142aty, jakiego u\u017cy\u0142 Konsument, chyba \u017ce Konsument wyra\u017anie zgodzi\u0142 si\u0119 na&nbsp;inny spos\u00f3b zwrotu, kt\u00f3ry nie wi\u0105\u017ce si\u0119 dla niego z&nbsp;\u017cadnymi kosztami. Z&nbsp;zastrze\u017ceniem pkt 7 niniejszego paragrafu, zwrot nast\u0105pi niezw\u0142ocznie, a najp\u00f3\u017aniej w&nbsp;terminie 14 dni od momentu otrzymania przez Sprzedawc\u0119 o\u015bwiadczenia o&nbsp;odst\u0105pieniu od Umowy Sprzeda\u017cy.<\/li>\n<li>Sprzedawca nie jest zobowi\u0105zany do&nbsp;zwrotu koszt\u00f3w dostarczenia zwracanego przez konsumenta produktu.<\/li>\n<li>Konsument odst\u0119puj\u0105cy od Umowy Sprzeda\u017cy, zgodnie z&nbsp;pkt 1 niniejszego paragrafu, ponosi jedynie koszty odes\u0142ania Produktu do&nbsp;Sprzedawcy.<\/li>\n<li>Termin czternastodniowy, w&nbsp;kt\u00f3rym Konsument mo\u017ce odst\u0105pi\u0107 od umowy, liczy si\u0119 od dnia, w&nbsp;kt\u00f3rym Konsument obj\u0105\u0142 Produkt w posiadanie, a w&nbsp;przypadku us\u0142ugi od dnia zawarcia umowy.<\/li>\n<li>Prawo odst\u0105pienia od umowy zawartej na&nbsp;odleg\u0142o\u015b\u0107 nie przys\u0142uguje Konsumentowi w&nbsp;wypadku Umowy Sprzeda\u017cy m.in., w&nbsp;kt\u00f3rej przedmiotem \u015bwiadczenia jest rzecz nieprefabrykowana, wyprodukowana wed\u0142ug specyfikacji konsumenta lub s\u0142u\u017c\u0105ca zaspokojeniu jego zindywidualizowanych potrzeb,<\/li>\n<li>Prawo odst\u0105pienia od Umowy Sprzeda\u017cy przys\u0142uguje zar\u00f3wno Sprzedawcy, jak i&nbsp;Klientowi, w&nbsp;przypadku niewykonania przez drug\u0105 stron\u0119 umowy swojego zobowi\u0105zania w&nbsp;terminie \u015bci\u015ble okre\u015blonym.<\/li>\n<\/ol>\n<ul>\n<li><strong> 9<\/strong><\/li>\n<\/ul>\n<p><strong>RODZAJ I ZAKRES US\u0141UG ELEKTRONICZNYCH<\/strong><\/p>\n<ol>\n<li>Us\u0142ugodawca umo\u017cliwia za&nbsp;po\u015brednictwem Sklepu korzystanie z&nbsp;Us\u0142ugi Elektronicznej jak\u0105 jest zawieranie Um\u00f3w Sprzeda\u017cy Produktu.<\/li>\n<li>\u015awiadczenie Us\u0142ugi Elektronicznej na&nbsp;rzecz Us\u0142ugobiorc\u00f3w w&nbsp;Sklepie odbywa si\u0119 na&nbsp;warunkach okre\u015blonych w&nbsp;Regulaminie.<\/li>\n<li>Us\u0142ugodawca ma&nbsp;prawo do&nbsp;zamieszczania na&nbsp;stronie internetowej Sklepu tre\u015bci reklamowych. Tre\u015bci te, stanowi\u0105 integraln\u0105 cz\u0119\u015b\u0107 Sklepu i prezentowanych w&nbsp;nim materia\u0142\u00f3w.<\/li>\n<\/ol>\n<ul>\n<li><strong> 10<\/strong><\/li>\n<\/ul>\n<p><strong>WARUNKI \u015aWIADCZENIA I&nbsp;ZAWIERANIA UM\u00d3W O&nbsp;\u015aWIADCZENIE US\u0141UG ELEKTRONICZNYCH<\/strong><\/p>\n<ol>\n<li>\u015awiadczenie Us\u0142ugi Elektronicznej okre\u015blonej w&nbsp;\u00a7 9 pkt 1 Regulaminu przez Us\u0142ugodawc\u0119 jest nieodp\u0142atne.<\/li>\n<li>Umowa o&nbsp;\u015bwiadczenie Us\u0142ugi Elektronicznej polegaj\u0105cej na&nbsp;umo\u017cliwieniu z\u0142o\u017cenia Zam\u00f3wienia w&nbsp;Sklepie zawierana jest na&nbsp;czas oznaczony i ulega rozwi\u0105zaniu z&nbsp;chwil\u0105 z\u0142o\u017cenia Zam\u00f3wienia albo zaprzestania jego sk\u0142adania przez Us\u0142ugobiorc\u0119.<\/li>\n<li>Wymagania techniczne niezb\u0119dne do&nbsp;wsp\u00f3\u0142pracy z&nbsp;systemem teleinformatycznym, kt\u00f3rym pos\u0142uguje si\u0119 Us\u0142ugodawca:\n<ol>\n<li>komputer (lub urz\u0105dzenie mobilne) z&nbsp;dost\u0119pem do&nbsp;Internetu,<\/li>\n<li>dost\u0119p do&nbsp;poczty elektronicznej,<\/li>\n<li>przegl\u0105darka internetowa,<\/li>\n<li>w\u0142\u0105czenie w&nbsp;przegl\u0105darce internetowej Cookies oraz Javascript.<\/li>\n<\/ol>\n<\/li>\n<li>Us\u0142ugobiorca zobowi\u0105zany jest do&nbsp;korzystania ze&nbsp;Sklepu w&nbsp;spos\u00f3b zgodny z&nbsp;prawem i&nbsp;dobrymi obyczajami maj\u0105c na&nbsp;uwadze poszanowanie d\u00f3br osobistych i&nbsp;praw w\u0142asno\u015bci intelektualnej os\u00f3b trzecich.<\/li>\n<li>Us\u0142ugobiorca zobowi\u0105zany jest do&nbsp;wprowadzania danych zgodnych ze&nbsp;stanem faktycznym.<\/li>\n<li>Us\u0142ugobiorc\u0119 obowi\u0105zuje zakaz dostarczania tre\u015bci o&nbsp;charakterze bezprawnym.<\/li>\n<\/ol>\n<ul>\n<li><strong> 11<\/strong><\/li>\n<\/ul>\n<p><strong>REKLAMACJE ZWI\u0104ZANE ZE \u015aWIADCZENIEM US\u0141UG ELEKTRONICZNYCH<\/strong><\/p>\n<ol>\n<li>Reklamacje zwi\u0105zane ze&nbsp;\u015bwiadczeniem Us\u0142ugi Elektronicznej za&nbsp;po\u015brednictwem Sklepu Us\u0142ugobiorca mo\u017ce sk\u0142ada\u0107 za&nbsp;po\u015brednictwem poczty elektronicznej na&nbsp;adres: equishade@gmail.com<\/li>\n<li>W powy\u017cszej wiadomo\u015bci e-mail, nale\u017cy poda\u0107 jak najwi\u0119cej informacji i&nbsp;okoliczno\u015bci dotycz\u0105cych przedmiotu reklamacji, w szczeg\u00f3lno\u015bci rodzaj i&nbsp;dat\u0119 wyst\u0105pienia nieprawid\u0142owo\u015bci oraz dane kontaktowe. Podane informacje znacznie u\u0142atwi\u0105 i&nbsp;przyspiesz\u0105 rozpatrzenie reklamacji przez Us\u0142ugodawc\u0119.<\/li>\n<li>Rozpatrzenie reklamacji przez Us\u0142ugodawc\u0119 nast\u0119puje niezw\u0142ocznie, nie p\u00f3\u017aniej ni\u017c w&nbsp;terminie 14 dni od momentu zg\u0142oszenia.<\/li>\n<li>Odpowied\u017a Us\u0142ugodawcy w&nbsp;sprawie reklamacji jest wysy\u0142ana na&nbsp;adres e-mail Us\u0142ugobiorcy podany w&nbsp;zg\u0142oszeniu reklamacyjnym lub w&nbsp;inny podany przez Us\u0142ugobiorc\u0119 spos\u00f3b<\/li>\n<\/ol>\n<ul>\n<li><strong> 12<\/strong><\/li>\n<\/ul>\n<p><strong>POSTANOWIENIA KO\u0143COWE<\/strong><\/p>\n<ol>\n<li>Umowy zawierane poprzez Sklep zawierane s\u0105 zgodnie z&nbsp;prawem polskim.<\/li>\n<li>W przypadku niezgodno\u015bci jakiejkolwiek cz\u0119\u015bci Regulaminu z obowi\u0105zuj\u0105cym prawem, w&nbsp;miejsce zakwestionowanego przepisu Regulaminu zastosowanie maj\u0105 w\u0142a\u015bciwe przepisy prawa polskiego.<\/li>\n<li>Wszelkie spory wynik\u0142e z&nbsp;Um\u00f3w Sprzeda\u017cy mi\u0119dzy Sklepem, a Konsumentami b\u0119d\u0105 rozstrzygane w&nbsp;pierwszej kolejno\u015bci na&nbsp;drodze negocjacji, z intencj\u0105 polubownego zako\u0144czenia sporu, z&nbsp;uwzgl\u0119dnieniem ustawy o pozas\u0105dowym rozwi\u0105zywaniu spor\u00f3w konsumenckich. Je\u015bli jednak nie by\u0142oby to mo\u017cliwe, lub te\u017c by\u0142oby niesatysfakcjonuj\u0105ce dla kt\u00f3rejkolwiek ze&nbsp;stron, spory b\u0119d\u0105 rozstrzygane przez w\u0142a\u015bciwy s\u0105d powszechny, zgodnie z&nbsp;pkt 4 niniejszego paragrafu.<\/li>\n<li>Ewentualne spory powsta\u0142e pomi\u0119dzy Us\u0142ugodawc\u0105, a Us\u0142ugobiorc\u0105 (Klientem) b\u0119d\u0105cym jednocze\u015bnie Konsumentem zostaj\u0105 poddane s\u0105dom w\u0142a\u015bciwym zgodnie z&nbsp;przepisami kodeksu post\u0119powania cywilnego z dnia 17 listopada 1964 r.<\/li>\n<li>Klient b\u0119d\u0105cy Konsumentem ma&nbsp;r\u00f3wnie\u017c prawo do&nbsp;skorzystania z pozas\u0105dowych sposob\u00f3w rozstrzygania spor\u00f3w w&nbsp;szczeg\u00f3lno\u015bci poprzez z\u0142o\u017cenie po zako\u0144czeniu post\u0119powania reklamacyjnego wniosku o&nbsp;wszcz\u0119cie mediacji lub wniosku o&nbsp;rozpatrzenie sprawy przez s\u0105d polubowny (wniosek mo\u017cna pobra\u0107 na&nbsp;stronie internetowej&nbsp;<a href=\"http:\/\/www.uokik.gov.pl\/download.php?plik=6223)\">http:\/\/www.uokik.gov.pl\/download.php?plik=6223)<\/a>. Wykaz Sta\u0142ych Polubownych S\u0105d\u00f3w Konsumenckich dzia\u0142aj\u0105cych przy Wojew\u00f3dzkich Inspektoratach Inspekcji Handlowej dost\u0119pny jest na&nbsp;stronie internetowej: http:\/\/www.uokik.gov.pl\/wazne_adresy.php#faq596. Konsument mo\u017ce skorzysta\u0107 tak\u017ce z&nbsp;bezp\u0142atnej pomocy powiatowego (miejskiego) rzecznika konsument\u00f3w lub organizacji spo\u0142ecznej, do kt\u00f3rej zada\u0144 statutowych nale\u017cy ochrona konsument\u00f3w. Pozas\u0105dowe dochodzenie roszcze\u0144 po zako\u0144czeniu post\u0119powania reklamacyjnego jest bezp\u0142atne.<\/li>\n<li>Konsument w&nbsp;celu polubownego rozwi\u0105zania sporu mo\u017ce w&nbsp;szczeg\u00f3lno\u015bci z\u0142o\u017cy\u0107 skarg\u0119 za&nbsp;po\u015brednictwem platformy internetowej ODR (Online Dispute Resolution), dost\u0119pnej pod adresem:&nbsp;<a href=\"http:\/\/ec.europa.eu\/consumers\/odr\">http:\/\/ec.europa.eu\/consumers\/odr<\/a>\/.<\/li>\n<\/ol>","protected":false},"excerpt":{"rendered":"<p>REGULAMIN SKLEPU INTERNETOWEGOwww.Dice012.com 1 POSTANOWIENIA OG\u00d3LNE Sklep&nbsp;www.Dice012.com&nbsp;dzia\u0142a na&nbsp;zasadach okre\u015blonych w niniejszym Regulaminie. Regulamin okre\u015bla warunki zawierania i&nbsp;rozwi\u0105zywania Um\u00f3w Sprzeda\u017cy Produktu&#8230;<\/p>","protected":false},"author":1,"featured_media":0,"parent":0,"menu_order":0,"comment_status":"closed","ping_status":"closed","template":"page-templates\/template-pagebuilder-full-width.php","meta":{"footnotes":""},"class_list":["post-46","page","type-page","status-publish","hentry"],"aioseo_notices":[],"_links":{"self":[{"href":"https:\/\/dice012.com\/en\/wp-json\/wp\/v2\/pages\/46","targetHints":{"allow":["GET"]}}],"collection":[{"href":"https:\/\/dice012.com\/en\/wp-json\/wp\/v2\/pages"}],"about":[{"href":"https:\/\/dice012.com\/en\/wp-json\/wp\/v2\/types\/page"}],"author":[{"embeddable":true,"href":"https:\/\/dice012.com\/en\/wp-json\/wp\/v2\/users\/1"}],"replies":[{"embeddable":true,"href":"https:\/\/dice012.com\/en\/wp-json\/wp\/v2\/comments?post=46"}],"version-history":[{"count":6,"href":"https:\/\/dice012.com\/en\/wp-json\/wp\/v2\/pages\/46\/revisions"}],"predecessor-version":[{"id":3511,"href":"https:\/\/dice012.com\/en\/wp-json\/wp\/v2\/pages\/46\/revisions\/3511"}],"wp:attachment":[{"href":"https:\/\/dice012.com\/en\/wp-json\/wp\/v2\/media?parent=46"}],"curies":[{"name":"wp","href":"https:\/\/api.w.org\/{rel}","templated":true}]}}