{"id":2643,"date":"2025-02-24T18:55:24","date_gmt":"2025-02-24T18:55:24","guid":{"rendered":"https:\/\/dice012.com\/?page_id=2643"},"modified":"2025-03-10T20:13:58","modified_gmt":"2025-03-10T20:13:58","slug":"bilety","status":"publish","type":"page","link":"https:\/\/dice012.com\/en\/bilety\/","title":{"rendered":"Bilety"},"content":{"rendered":"<p style=\"text-align: center;\"><a href=\"https:\/\/dice012.com\/en\/product\/bilet-dice-realm\/\">Bilety &#8211; Katowice 13 marca &#8211; Skate in Park<\/a> (lub na miejscu)<\/p>\n<p style=\"text-align: center;\"><a href=\"https:\/\/www.bilety24.pl\/kup-bilet-na-235-dice-realm-124129?id=725313#overall\">Bilety<\/a> &#8211; Pozna\u0144 14 marca &#8211; Kino Rialto (lub na miejscu)<\/p>\n<p style=\"text-align: center;\"><a href=\"https:\/\/www.bilety24.pl\/kup-bilet-na-235-dice-realm-124129?id=725313#overall\">Bilety<\/a> &#8211; Szczecin 15 marca &#8211; PNP Arena (lub na miejscu)<\/p>\n<p style=\"text-align: center;\"><a href=\"https:\/\/www.bilety24.pl\/kup-bilet-na-235-dice-realm-124129?id=725313#overall\">Bilety<\/a> &#8211; Warszawa 20 marca &#8211; Pizzaiolo<\/p>\n<p style=\"text-align: center;\"><del>Bilety &#8211; Krak\u00f3w 6 marca &#8211; Kino pod Baranami<\/del><\/p>\n<p style=\"text-align: center;\"><del>Bilety &#8211; Wroc\u0142aw 7 marca &#8211; Final Bowl<\/del><\/p>\n<p style=\"text-align: center;\"><del>Bilety &#8211; Cz\u0119stochowa 8 marca &#8211; Bywa si\u0119 tu i tam<\/del><\/p>\n<p style=\"text-align: center;\"><del>Bilety &#8211; \u0141\u00f3d\u017a 9 marca &#8211; Kino Tatry<\/del><\/p>","protected":false},"excerpt":{"rendered":"<p>Bilety &#8211; Katowice 13 marca &#8211; Skate in Park (lub na miejscu) Bilety &#8211; Pozna\u0144 14 marca &#8211; Kino Rialto&#8230;<\/p>","protected":false},"author":1,"featured_media":0,"parent":0,"menu_order":0,"comment_status":"closed","ping_status":"closed","template":"page-templates\/template-pagebuilder-full-width.php","meta":{"footnotes":""},"class_list":["post-2643","page","type-page","status-publish","hentry"],"aioseo_notices":[],"_links":{"self":[{"href":"https:\/\/dice012.com\/en\/wp-json\/wp\/v2\/pages\/2643","targetHints":{"allow":["GET"]}}],"collection":[{"href":"https:\/\/dice012.com\/en\/wp-json\/wp\/v2\/pages"}],"about":[{"href":"https:\/\/dice012.com\/en\/wp-json\/wp\/v2\/types\/page"}],"author":[{"embeddable":true,"href":"https:\/\/dice012.com\/en\/wp-json\/wp\/v2\/users\/1"}],"replies":[{"embeddable":true,"href":"https:\/\/dice012.com\/en\/wp-json\/wp\/v2\/comments?post=2643"}],"version-history":[{"count":17,"href":"https:\/\/dice012.com\/en\/wp-json\/wp\/v2\/pages\/2643\/revisions"}],"predecessor-version":[{"id":2700,"href":"https:\/\/dice012.com\/en\/wp-json\/wp\/v2\/pages\/2643\/revisions\/2700"}],"wp:attachment":[{"href":"https:\/\/dice012.com\/en\/wp-json\/wp\/v2\/media?parent=2643"}],"curies":[{"name":"wp","href":"https:\/\/api.w.org\/{rel}","templated":true}]}}