{"id":15,"date":"2022-11-01T12:15:19","date_gmt":"2022-11-01T12:15:19","guid":{"rendered":"https:\/\/dice012.com\/?page_id=15"},"modified":"2025-07-17T14:02:16","modified_gmt":"2025-07-17T14:02:16","slug":"zwroty_wymiany","status":"publish","type":"page","link":"https:\/\/dice012.com\/en\/zwroty_wymiany\/","title":{"rendered":"Polityka Zwrot\u00f3w i Wymian"},"content":{"rendered":"<p><\/p>\n<p><b style=\"color: var( --e-global-color-text ); font-family: var( --e-global-typography-text-font-family ), Sans-serif; letter-spacing: var(--bodyletterspacing); text-transform: var(--bodytexttransform); font-size: 28px; background-color: var(--nv-site-bg);\">Nasza polityka zwrot\u00f3w i zwrot\u00f3w obowi\u0105zuje przez 14 dni. Je\u015bli od zakupu min\u0119\u0142o 14 dni, nie mo\u017cemy zaoferowa\u0107 pe\u0142nego zwrotu pieni\u0119dzy ani wymiany.<\/b><\/p>\n<p><b>&nbsp;<\/b><\/p>\n<p><b>Aby kwalifikowa\u0107 si\u0119 do zwrotu, Tw\u00f3j przedmiot musi by\u0107 nieu\u017cywany i w takim samym stanie, w jakim go otrzyma\u0142e\u015b. Musi by\u0107 tak\u017ce w oryginalnym opakowaniu z pakietem naklejek.<\/b><\/p>\n<p><b>Aby sfinalizowa\u0107 zwrot, potrzebujemy paragonu lub dowodu zakupu.<\/b><\/p>\n<p><b>&nbsp;<\/b><\/p>\n<p><b>Prosimy nie odsy\u0142a\u0107 zakupionego produktu do producenta.<\/b><\/p>\n<p><\/p>\n<p><b>Zwroty pieni\u0119dzy<\/b><\/p>\n<p><b>Po otrzymaniu i sprawdzeniu Twojego zwrotu wy\u015blemy Ci wiadomo\u015b\u0107 e-mail z powiadomieniem, \u017ce otrzymali\u015bmy zwr\u00f3cony przedmiot. Powiadomimy Ci\u0119 r\u00f3wnie\u017c o zatwierdzeniu lub odrzuceniu zwrotu pieni\u0119dzy.<\/b><\/p>\n<p><b>&nbsp;<\/b><\/p>\n<p><b>Je\u015bli zostaniesz zatwierdzony, Tw\u00f3j zwrot zostanie przetworzony, a pieni\u0105dze zostan\u0105 automatycznie przes\u0142ane do Twojej karty kredytowej lub oryginalnej metody p\u0142atno\u015bci w ci\u0105gu 5 dni.<\/b><\/p>\n<p><b>&nbsp;<\/b><\/p>\n<p><b>&nbsp;<\/b><\/p>\n<p><b>Sp\u00f3\u017anione lub brakuj\u0105ce zwroty pieni\u0119dzy<\/b><\/p>\n<p><b>Je\u015bli nie otrzyma\u0142e\u015b jeszcze zwrotu pieni\u0119dzy, najpierw sprawd\u017a ponownie swoje konto bankowe.<\/b><\/p>\n<p><b>&nbsp;<\/b><\/p>\n<p><b>Nast\u0119pnie skontaktuj si\u0119 z wystawc\u0105 karty kredytowej. Oficjalne zaksi\u0119gowanie zwrotu mo\u017ce zaj\u0105\u0107 troch\u0119 czasu.<\/b><\/p>\n<p><b>&nbsp;<\/b><\/p>\n<p><b>Nast\u0119pnie skontaktuj si\u0119 ze swoim bankiem. Zanim zaksi\u0119gowany zostanie zwrot pieni\u0119dzy, cz\u0119sto up\u0142ywa pewien czas.<\/b><\/p>\n<p><b>&nbsp;<\/b><\/p>\n<p><b>Je\u015bli wykona\u0142e\u015b to wszystko i nadal nie otrzyma\u0142e\u015b zwrotu pieni\u0119dzy, skontaktuj si\u0119 z nami pod adresem kontakt@dice012.com i xsnabb@gmail.com.<\/b><\/p>\n<p><b>&nbsp;<\/b><\/p>\n<p><b>&nbsp;<\/b><\/p>\n<p><b>Wyprzeda\u017c przedmiot\u00f3w<\/b><\/p>\n<p><b>Zwrotowi podlegaj\u0105 wy\u0142\u0105cznie produkty w cenie regularnej. Przedmioty obj\u0119te wyprzeda\u017c\u0105 nie podlegaj\u0105 zwrotowi .<\/b><\/p>\n<p><b>&nbsp;<\/b><\/p>\n<p><b>Wymiany<\/b><\/p>\n<p><b>Wymieniamy produkty tylko wtedy, gdy s\u0105 wadliwe lub uszkodzone lub rozmiar nie przypasowa\u0142. Je\u015bli chcesz wymieni\u0107 go na ten sam przedmiot, wy\u015blij nam e-mail na adres xsnabb@gmail.com i kontakt@dice012.com i wy\u015blij sw\u00f3j przedmiot na adres: J\u00f3zefa Unruga 96, Krak\u00f3w 30-394.<\/b><\/p>\n<p><\/p>\n<p><b>Dostawa i zwroty<\/b><\/p>\n<p><b>Aby zwr\u00f3ci\u0107 produkt, nale\u017cy go wys\u0142a\u0107 poczt\u0105 na adres:&nbsp;<\/b><\/p>\n<p><b>&nbsp;<\/b><\/p>\n<p><b>B\u0119dziesz odpowiedzialny za op\u0142acenie w\u0142asnych koszt\u00f3w wysy\u0142ki w przypadku zwrotu przedmiotu. Koszty wysy\u0142ki nie podlegaj\u0105 zwrotowi. Je\u015bli otrzymasz zwrot pieni\u0119dzy, koszt przesy\u0142ki zwrotnej zostanie odliczony od Twojego zwrotu.<\/b><\/p>\n<p><b>&nbsp;<\/b><\/p>\n<p><b>W zale\u017cno\u015bci od tego, gdzie mieszkasz, czas dotarcia wymienianego produktu do Ciebie mo\u017ce si\u0119 r\u00f3\u017cni\u0107.<\/b><\/p>\n<p><b>&nbsp;<\/b><\/p>\n<p><b>Je\u015bli zwracasz dro\u017csze produkty, mo\u017cesz rozwa\u017cy\u0107 skorzystanie z us\u0142ugi \u015bledzenia przesy\u0142ki lub wykupienie ubezpieczenia przesy\u0142ki. Nie gwarantujemy, \u017ce otrzymamy zwr\u00f3cony przedmiot.<\/b><\/p>\n<p><b>&nbsp;<\/b><\/p>\n<p><b>Potrzebujsz pomocy?<\/b><\/p>\n<p><b>Skontaktuj si\u0119 z nami pod adresem xsnabb@gmail.com, je\u015bli masz pytania dotycz\u0105ce zwrot\u00f3w pieni\u0119dzy i zwrot\u00f3w.<\/b><\/p>\n<p><\/p><p><\/p>\n<p><b style=\"color: var( --e-global-color-text ); font-family: var( --e-global-typography-text-font-family ), Sans-serif; letter-spacing: var(--bodyletterspacing); text-transform: var(--bodytexttransform); font-size: 28px; background-color: var(--nv-site-bg);\">Nasza polityka zwrot\u00f3w i zwrot\u00f3w obowi\u0105zuje przez 14 dni. Je\u015bli od zakupu min\u0119\u0142o 14 dni, nie mo\u017cemy zaoferowa\u0107 pe\u0142nego zwrotu pieni\u0119dzy ani wymiany.<\/b><br><\/p>\n<p><b><br><\/b><\/p>\n<p><b>Aby kwalifikowa\u0107 si\u0119 do zwrotu, Tw\u00f3j przedmiot musi by\u0107 nieu\u017cywany i w takim samym stanie, w jakim go otrzyma\u0142e\u015b. Musi by\u0107 tak\u017ce w oryginalnym opakowaniu z pakietem naklejek.<\/b><\/p>\n<p><b>Aby sfinalizowa\u0107 zwrot, potrzebujemy paragonu lub dowodu zakupu.<\/b><\/p>\n<p><b><br><\/b><\/p>\n<p><b>Prosimy nie odsy\u0142a\u0107 zakupionego produktu do producenta.<\/b><\/p>\n<p><br><\/p>\n<p><b>Zwroty pieni\u0119dzy<\/b><\/p>\n<p><b>Po otrzymaniu i sprawdzeniu Twojego zwrotu wy\u015blemy Ci wiadomo\u015b\u0107 e-mail z powiadomieniem, \u017ce otrzymali\u015bmy zwr\u00f3cony przedmiot. Powiadomimy Ci\u0119 r\u00f3wnie\u017c o zatwierdzeniu lub odrzuceniu zwrotu pieni\u0119dzy.<\/b><\/p>\n<p><b><br><\/b><\/p>\n<p><b>Je\u015bli zostaniesz zatwierdzony, Tw\u00f3j zwrot zostanie przetworzony, a pieni\u0105dze zostan\u0105 automatycznie przes\u0142ane do Twojej karty kredytowej lub oryginalnej metody p\u0142atno\u015bci w ci\u0105gu 5 dni.<\/b><\/p>\n<p><b><br><\/b><\/p>\n<p><b><br><\/b><\/p>\n<p><b>Sp\u00f3\u017anione lub brakuj\u0105ce zwroty pieni\u0119dzy<\/b><\/p>\n<p><b>Je\u015bli nie otrzyma\u0142e\u015b jeszcze zwrotu pieni\u0119dzy, najpierw sprawd\u017a ponownie swoje konto bankowe.<\/b><\/p>\n<p><b><br><\/b><\/p>\n<p><b>Nast\u0119pnie skontaktuj si\u0119 z wystawc\u0105 karty kredytowej. Oficjalne zaksi\u0119gowanie zwrotu mo\u017ce zaj\u0105\u0107 troch\u0119 czasu.<\/b><\/p>\n<p><b><br><\/b><\/p>\n<p><b>Nast\u0119pnie skontaktuj si\u0119 ze swoim bankiem. Zanim zaksi\u0119gowany zostanie zwrot pieni\u0119dzy, cz\u0119sto up\u0142ywa pewien czas.<\/b><\/p>\n<p><b><br><\/b><\/p>\n<p><b>Je\u015bli wykona\u0142e\u015b to wszystko i nadal nie otrzyma\u0142e\u015b zwrotu pieni\u0119dzy, skontaktuj si\u0119 z nami pod adresem kontakt@dice012.com i xsnabb@gmail.com.<\/b><\/p>\n<p><b><br><\/b><\/p>\n<p><b><br><\/b><\/p>\n<p><b>Wyprzeda\u017c przedmiot\u00f3w<\/b><\/p>\n<p><b>Zwrotowi podlegaj\u0105 wy\u0142\u0105cznie produkty w cenie regularnej. Przedmioty obj\u0119te wyprzeda\u017c\u0105 nie podlegaj\u0105 zwrotowi .<\/b><\/p>\n<p><b><br><\/b><\/p>\n<p><b>Wymiany<\/b><\/p>\n<p><b>Wymieniamy produkty tylko wtedy, gdy s\u0105 wadliwe lub uszkodzone lub rozmiar nie przypasowa\u0142. Je\u015bli chcesz wymieni\u0107 go na ten sam przedmiot, wy\u015blij nam e-mail na adres xsnabb@gmail.com i kontakt@dice012.com i wy\u015blij sw\u00f3j przedmiot na adres: J\u00f3zefa Unruga 96 krak\u00f3w 30-394.<\/b><\/p>\n<p><br><\/p>\n<p><b>Dostawa i zwroty<\/b><\/p>\n<p><b>Aby zwr\u00f3ci\u0107 produkt, nale\u017cy go wys\u0142a\u0107 poczt\u0105 na adres: {adres fizyczny}.<\/b><\/p>\n<p><b><br><\/b><\/p>\n<p><b>B\u0119dziesz odpowiedzialny za op\u0142acenie w\u0142asnych koszt\u00f3w wysy\u0142ki w przypadku zwrotu przedmiotu. Koszty wysy\u0142ki nie podlegaj\u0105 zwrotowi. Je\u015bli otrzymasz zwrot pieni\u0119dzy, koszt przesy\u0142ki zwrotnej zostanie odliczony od Twojego zwrotu.<\/b><\/p>\n<p><b><br><\/b><\/p>\n<p><b>W zale\u017cno\u015bci od tego, gdzie mieszkasz, czas dotarcia wymienianego produktu do Ciebie mo\u017ce si\u0119 r\u00f3\u017cni\u0107.<\/b><\/p>\n<p><b><br><\/b><\/p>\n<p><b>Je\u015bli zwracasz dro\u017csze produkty, mo\u017cesz rozwa\u017cy\u0107 skorzystanie z us\u0142ugi \u015bledzenia przesy\u0142ki lub wykupienie ubezpieczenia przesy\u0142ki. Nie gwarantujemy, \u017ce otrzymamy zwr\u00f3cony przedmiot.<\/b><\/p>\n<p><b><br><\/b><\/p>\n<p><b>Potrzebuj\u0119 pomocy?<\/b><\/p>\n<p><b>Skontaktuj si\u0119 z nami pod adresem {email}, je\u015bli masz pytania dotycz\u0105ce zwrot\u00f3w pieni\u0119dzy i zwrot\u00f3w.<\/b><\/p>\n<p><\/p><p><\/p>\n<p><b style=\"color: var( --e-global-color-text ); font-family: var( --e-global-typography-text-font-family ), Sans-serif; letter-spacing: var(--bodyletterspacing); text-transform: var(--bodytexttransform); font-size: 28px; background-color: var(--nv-site-bg);\">Nasza polityka zwrot\u00f3w i zwrot\u00f3w obowi\u0105zuje przez 14 dni. Je\u015bli od zakupu min\u0119\u0142o 14 dni, nie mo\u017cemy zaoferowa\u0107 pe\u0142nego zwrotu pieni\u0119dzy ani wymiany.<\/b><\/p>\n<p><b>\u00a0<\/b><\/p>\n<p><b>Aby kwalifikowa\u0107 si\u0119 do zwrotu, Tw\u00f3j przedmiot musi by\u0107 nieu\u017cywany i w takim samym stanie, w jakim go otrzyma\u0142e\u015b. Musi by\u0107 tak\u017ce w oryginalnym opakowaniu z pakietem naklejek.<\/b><\/p>\n<p><b>Aby sfinalizowa\u0107 zwrot, potrzebujemy paragonu lub dowodu zakupu.<\/b><\/p>\n<p><b>\u00a0<\/b><\/p>\n<p><b>Prosimy nie odsy\u0142a\u0107 zakupionego produktu do producenta.<\/b><\/p>\n<p>\u00a0<\/p>\n<p><b>Zwroty pieni\u0119dzy<\/b><\/p>\n<p><b>Po otrzymaniu i sprawdzeniu Twojego zwrotu wy\u015blemy Ci wiadomo\u015b\u0107 e-mail z powiadomieniem, \u017ce otrzymali\u015bmy zwr\u00f3cony przedmiot. Powiadomimy Ci\u0119 r\u00f3wnie\u017c o zatwierdzeniu lub odrzuceniu zwrotu pieni\u0119dzy.<\/b><\/p>\n<p><b>\u00a0<\/b><\/p>\n<p><b>Je\u015bli zostaniesz zatwierdzony, Tw\u00f3j zwrot zostanie przetworzony, a pieni\u0105dze zostan\u0105 automatycznie przes\u0142ane do Twojej karty kredytowej lub oryginalnej metody p\u0142atno\u015bci w ci\u0105gu 5 dni.<\/b><\/p>\n<p><b>\u00a0<\/b><\/p>\n<p><b>\u00a0<\/b><\/p>\n<p><b>Sp\u00f3\u017anione lub brakuj\u0105ce zwroty pieni\u0119dzy<\/b><\/p>\n<p><b>Je\u015bli nie otrzyma\u0142e\u015b jeszcze zwrotu pieni\u0119dzy, najpierw sprawd\u017a ponownie swoje konto bankowe.<\/b><\/p>\n<p><b>\u00a0<\/b><\/p>\n<p><b>Nast\u0119pnie skontaktuj si\u0119 z wystawc\u0105 karty kredytowej. Oficjalne zaksi\u0119gowanie zwrotu mo\u017ce zaj\u0105\u0107 troch\u0119 czasu.<\/b><\/p>\n<p><b>\u00a0<\/b><\/p>\n<p><b>Nast\u0119pnie skontaktuj si\u0119 ze swoim bankiem. Zanim zaksi\u0119gowany zostanie zwrot pieni\u0119dzy, cz\u0119sto up\u0142ywa pewien czas.<\/b><\/p>\n<p><b>\u00a0<\/b><\/p>\n<p><b>Je\u015bli wykona\u0142e\u015b to wszystko i nadal nie otrzyma\u0142e\u015b zwrotu pieni\u0119dzy, skontaktuj si\u0119 z nami pod adresem kontakt@dice012.com i xsnabb@gmail.com.<\/b><\/p>\n<p><b>\u00a0<\/b><\/p>\n<p><b>\u00a0<\/b><\/p>\n<p><b>Wyprzeda\u017c przedmiot\u00f3w<\/b><\/p>\n<p><b>Zwrotowi podlegaj\u0105 wy\u0142\u0105cznie produkty w cenie regularnej. Przedmioty obj\u0119te wyprzeda\u017c\u0105 nie podlegaj\u0105 zwrotowi .<\/b><\/p>\n<p><b>\u00a0<\/b><\/p>\n<p><b>Wymiany i zwroty<\/b><\/p>\n<p><b>Wymieniamy\/umo\u017cliwiamy zwrot produktu tylko wtedy, gdy s\u0105 wadliwe lub uszkodzone lub rozmiar nie przypasowa\u0142. Je\u015bli chcesz wymieni\u0107 go na ten sam przedmiot, wy\u015blij nam e-mail na adres xsnabb@gmail.com i kontakt@dice012.com i wy\u015blij sw\u00f3j przedmiot na adres: J\u00f3zefa Unruga 96 Krak\u00f3w 30-394.<\/b><\/p>\n<p><b>\u00a0<\/b><\/p>\n<p><b>B\u0119dziesz odpowiedzialny za op\u0142acenie w\u0142asnych koszt\u00f3w wysy\u0142ki w przypadku zwrotu albo wymiany przedmiotu. Koszty wysy\u0142ki nie podlegaj\u0105 zwrotowi. Je\u015bli otrzymasz zwrot pieni\u0119dzy, koszt przesy\u0142ki zwrotnej zostanie odliczony od Twojego zwrotu.<\/b><\/p>\n<p><b>\u00a0<\/b><\/p>\n<p><b>W zale\u017cno\u015bci od tego, gdzie mieszkasz, czas dotarcia wymienianego produktu do Ciebie mo\u017ce si\u0119 r\u00f3\u017cni\u0107.<\/b><\/p>\n<p><b>\u00a0<\/b><\/p>\n<p><b>Je\u015bli zwracasz dro\u017csze produkty, mo\u017cesz rozwa\u017cy\u0107 skorzystanie z us\u0142ugi \u015bledzenia przesy\u0142ki lub wykupienie ubezpieczenia przesy\u0142ki. Nie gwarantujemy, \u017ce otrzymamy zwr\u00f3cony przedmiot.<\/b><\/p>\n<p><b>\u00a0<\/b><\/p>\n<p><b>Potrzebuj\u0119 pomocy?<\/b><\/p>\n<p><b>Skontaktuj si\u0119 z nami pod adresem xsnabb@gmail.com i kontak@dice012.com, je\u015bli masz pytania dotycz\u0105ce zwrot\u00f3w pieni\u0119dzy i zwrot\u00f3w.<\/b><\/p>\n<p><\/p>","protected":false},"excerpt":{"rendered":"<p>Nasza polityka zwrot\u00f3w i zwrot\u00f3w obowi\u0105zuje przez 14 dni. Je\u015bli od zakupu min\u0119\u0142o 14 dni, nie mo\u017cemy zaoferowa\u0107 pe\u0142nego zwrotu&#8230;<\/p>","protected":false},"author":1,"featured_media":0,"parent":0,"menu_order":0,"comment_status":"closed","ping_status":"closed","template":"","meta":{"footnotes":""},"class_list":["post-15","page","type-page","status-publish","hentry"],"aioseo_notices":[],"_links":{"self":[{"href":"https:\/\/dice012.com\/en\/wp-json\/wp\/v2\/pages\/15","targetHints":{"allow":["GET"]}}],"collection":[{"href":"https:\/\/dice012.com\/en\/wp-json\/wp\/v2\/pages"}],"about":[{"href":"https:\/\/dice012.com\/en\/wp-json\/wp\/v2\/types\/page"}],"author":[{"embeddable":true,"href":"https:\/\/dice012.com\/en\/wp-json\/wp\/v2\/users\/1"}],"replies":[{"embeddable":true,"href":"https:\/\/dice012.com\/en\/wp-json\/wp\/v2\/comments?post=15"}],"version-history":[{"count":3,"href":"https:\/\/dice012.com\/en\/wp-json\/wp\/v2\/pages\/15\/revisions"}],"predecessor-version":[{"id":3514,"href":"https:\/\/dice012.com\/en\/wp-json\/wp\/v2\/pages\/15\/revisions\/3514"}],"wp:attachment":[{"href":"https:\/\/dice012.com\/en\/wp-json\/wp\/v2\/media?parent=15"}],"curies":[{"name":"wp","href":"https:\/\/api.w.org\/{rel}","templated":true}]}}